{"id":1312,"date":"2018-01-29T14:03:02","date_gmt":"2018-01-29T13:03:02","guid":{"rendered":"http:\/\/nordvlies.de\/?page_id=1312"},"modified":"2025-09-10T10:01:19","modified_gmt":"2025-09-10T08:01:19","slug":"impressum","status":"publish","type":"page","link":"https:\/\/nordvlies.de\/en\/impressum\/","title":{"rendered":"Legal information"},"content":{"rendered":"<div class=\"wpb-content-wrapper\"><div class=\"vc_row wpb_row vc_row-fluid dt-default\" style=\"margin-top: 0px;margin-bottom: 0px\"><div class=\"wpb_column vc_column_container vc_col-sm-12\"><div class=\"vc_column-inner\"><div class=\"wpb_wrapper\">\n\t<div class=\"wpb_text_column wpb_content_element\" >\n\t\t<div class=\"wpb_wrapper\">\n\t\t\t<h3>Angaben gem\u00e4\u00df \u00a7 5 TMG<\/h3>\n<p><strong>NORDVLIES GMBH<\/strong><\/p>\n<p>Am Redder 7<br \/>\nD-22941 Bargteheide<\/p>\n<p>&nbsp;<\/p>\n<p>Postfach 1304<br \/>\nD-22935 Bargteheide<\/p>\n<p>&nbsp;<\/p>\n<p>Telephone: +49 (0) 4532 5050-0<br \/>\nE-mail: \u00a0<a title=\"Contact Us\" href=\"mailto:info@nordvlies.de\">info@nordvlies.de<\/a><br \/>\nInternet: \u00a0<a title=\"Contact Us\" href=\"http:\/\/www.nordvlies.de\/\">www.nordvlies.de<\/a><\/p>\n<p>&nbsp;<\/p>\n<p><strong>Managing directors:<\/strong><br \/>\nBj\u00f6rn Wasilewski, Torsten Wasilewski<\/p>\n<p>Commercial register: HRB 2934 AH<br \/>\nAHLocal court: L\u00fcbeck<\/p>\n<p>VAT no.: DE 135 102 937<\/p>\n\n\t\t<\/div>\n\t<\/div>\n<\/div><\/div><\/div><\/div><div class=\"vc_row wpb_row vc_row-fluid dt-default\" style=\"margin-top: 0px;margin-bottom: 0px\"><div class=\"wpb_column vc_column_container vc_col-sm-12\"><div class=\"vc_column-inner\"><div class=\"wpb_wrapper\"><div class=\"vc_empty_space\"   style=\"height: 32px\"><span class=\"vc_empty_space_inner\"><\/span><\/div>\n\t<div class=\"wpb_text_column wpb_content_element\" >\n\t\t<div class=\"wpb_wrapper\">\n\t\t\t<h3>Disclaimer<\/h3>\n<p>&nbsp;<\/p>\n<p><strong>Liability for content<\/strong><\/p>\n<p>All contents of this website have been checked very thoroughly. In spite of this, editorial errors or errors in product and service descriptions cannot always be avoided. After appropriate notification and assessment, we will of course correct any possible errors. We do not assume any responsibility for all external websites to which any possible links on our website may lead.<\/p>\n<p><strong>Liability for links<\/strong><\/p>\n<p>If we provide a link to a third party\u2019s website, we have no influence on the content of the latter. The operator of the respective website is his\/herself responsible for its content. There were no recognisable breaches of the law on linked pages at the time of being linked. Continued monitoring of external pages for legal violations is however not possible if no concrete indications exist. If knowledge of legal violations is gained, we will remove any links without delay.<\/p>\n<p><strong>copyright<\/strong><\/p>\n<p>The content and works on these pages created by the site operators are subject to German copyright law. The duplication, editing, distribution and any kind of exploitation outside the limits of copyright require the written consent of the respective author or creator. Downloads and copies of this site are only permitted for private, non-commercial use. Insofar as the content on this site was not created by the operator, the copyrights of third parties are observed. In particular contents of third parties are marked as such. Should you nevertheless become aware of a copyright infringement, we ask that you inform us accordingly. As soon as we become aware of legal violations, we will remove such content immediately.<\/p>\n\n\t\t<\/div>\n\t<\/div>\n<\/div><\/div><\/div><\/div>\n<\/div>","protected":false},"excerpt":{"rendered":"Angaben gem\u00e4\u00df \u00a7 5 TMG NORDVLIES GMBH Am Redder 7 D-22941 Bargteheide &nbsp; Postfach 1304 D-22935 Bargteheide &nbsp; Telefon: +49 (0) 4532 5050-0 E-Mail: \u00a0info@nordvlies.de Internet: \u00a0www.nordvlies.de &nbsp; Gesch\u00e4ftsf\u00fchrer: Bj\u00f6rn Wasilewski, Torsten Wasilewski Handelsregister: HRB 2934 AH Amtsgericht: L\u00fcbeck USt.-Id.- Nr.: DE 135 102 937 Haftungsausschluss &nbsp; Haftung f\u00fcr Inhalte Die Inhalte unserer Seiten wurden&hellip;","protected":false},"author":1,"featured_media":0,"parent":0,"menu_order":8,"comment_status":"closed","ping_status":"closed","template":"","meta":[],"class_list":["post-1312","page","type-page","status-publish","hentry","description-off"],"yoast_head":"<!-- This site is optimized with the Yoast SEO plugin v26.4 - https:\/\/yoast.com\/wordpress\/plugins\/seo\/ -->\n<title>Impressum - Nordvlies<\/title>\n<meta name=\"robots\" content=\"noindex, nofollow\" \/>\n<meta property=\"og:locale\" content=\"en_US\" \/>\n<meta property=\"og:type\" content=\"article\" \/>\n<meta property=\"og:title\" content=\"Impressum - Nordvlies\" \/>\n<meta property=\"og:url\" content=\"https:\/\/nordvlies.de\/en\/impressum\/\" \/>\n<meta property=\"og:site_name\" content=\"Nordvlies\" \/>\n<meta property=\"article:modified_time\" content=\"2025-09-10T08:01:19+00:00\" \/>\n<meta name=\"twitter:card\" content=\"summary_large_image\" \/>\n<meta name=\"twitter:label1\" content=\"Est. reading time\" \/>\n\t<meta name=\"twitter:data1\" content=\"2 minutes\" \/>\n<script type=\"application\/ld+json\" class=\"yoast-schema-graph\">{\"@context\":\"https:\/\/schema.org\",\"@graph\":[{\"@type\":\"WebPage\",\"@id\":\"https:\/\/nordvlies.de\/impressum\/\",\"url\":\"https:\/\/nordvlies.de\/impressum\/\",\"name\":\"Impressum - Nordvlies\",\"isPartOf\":{\"@id\":\"https:\/\/nordvlies.de\/#website\"},\"datePublished\":\"2018-01-29T13:03:02+00:00\",\"dateModified\":\"2025-09-10T08:01:19+00:00\",\"breadcrumb\":{\"@id\":\"https:\/\/nordvlies.de\/impressum\/#breadcrumb\"},\"inLanguage\":\"en-US\",\"potentialAction\":[{\"@type\":\"ReadAction\",\"target\":[\"https:\/\/nordvlies.de\/impressum\/\"]}]},{\"@type\":\"BreadcrumbList\",\"@id\":\"https:\/\/nordvlies.de\/impressum\/#breadcrumb\",\"itemListElement\":[{\"@type\":\"ListItem\",\"position\":1,\"name\":\"Startseite\",\"item\":\"https:\/\/nordvlies.de\/\"},{\"@type\":\"ListItem\",\"position\":2,\"name\":\"Impressum\"}]},{\"@type\":\"WebSite\",\"@id\":\"https:\/\/nordvlies.de\/#website\",\"url\":\"https:\/\/nordvlies.de\/\",\"name\":\"Nordvlies\",\"description\":\"\",\"potentialAction\":[{\"@type\":\"SearchAction\",\"target\":{\"@type\":\"EntryPoint\",\"urlTemplate\":\"https:\/\/nordvlies.de\/?s={search_term_string}\"},\"query-input\":{\"@type\":\"PropertyValueSpecification\",\"valueRequired\":true,\"valueName\":\"search_term_string\"}}],\"inLanguage\":\"en-US\"}]}<\/script>\n<!-- \/ Yoast SEO plugin. -->","yoast_head_json":{"title":"Impressum - Nordvlies","robots":{"index":"noindex","follow":"nofollow"},"og_locale":"en_US","og_type":"article","og_title":"Impressum - Nordvlies","og_url":"https:\/\/nordvlies.de\/en\/impressum\/","og_site_name":"Nordvlies","article_modified_time":"2025-09-10T08:01:19+00:00","twitter_card":"summary_large_image","twitter_misc":{"Est. reading time":"2 minutes"},"schema":{"@context":"https:\/\/schema.org","@graph":[{"@type":"WebPage","@id":"https:\/\/nordvlies.de\/impressum\/","url":"https:\/\/nordvlies.de\/impressum\/","name":"Impressum - Nordvlies","isPartOf":{"@id":"https:\/\/nordvlies.de\/#website"},"datePublished":"2018-01-29T13:03:02+00:00","dateModified":"2025-09-10T08:01:19+00:00","breadcrumb":{"@id":"https:\/\/nordvlies.de\/impressum\/#breadcrumb"},"inLanguage":"en-US","potentialAction":[{"@type":"ReadAction","target":["https:\/\/nordvlies.de\/impressum\/"]}]},{"@type":"BreadcrumbList","@id":"https:\/\/nordvlies.de\/impressum\/#breadcrumb","itemListElement":[{"@type":"ListItem","position":1,"name":"Startseite","item":"https:\/\/nordvlies.de\/"},{"@type":"ListItem","position":2,"name":"Impressum"}]},{"@type":"WebSite","@id":"https:\/\/nordvlies.de\/#website","url":"https:\/\/nordvlies.de\/","name":"Nordvlies","description":"","potentialAction":[{"@type":"SearchAction","target":{"@type":"EntryPoint","urlTemplate":"https:\/\/nordvlies.de\/?s={search_term_string}"},"query-input":{"@type":"PropertyValueSpecification","valueRequired":true,"valueName":"search_term_string"}}],"inLanguage":"en-US"}]}},"_links":{"self":[{"href":"https:\/\/nordvlies.de\/en\/wp-json\/wp\/v2\/pages\/1312","targetHints":{"allow":["GET"]}}],"collection":[{"href":"https:\/\/nordvlies.de\/en\/wp-json\/wp\/v2\/pages"}],"about":[{"href":"https:\/\/nordvlies.de\/en\/wp-json\/wp\/v2\/types\/page"}],"author":[{"embeddable":true,"href":"https:\/\/nordvlies.de\/en\/wp-json\/wp\/v2\/users\/1"}],"replies":[{"embeddable":true,"href":"https:\/\/nordvlies.de\/en\/wp-json\/wp\/v2\/comments?post=1312"}],"version-history":[{"count":1,"href":"https:\/\/nordvlies.de\/en\/wp-json\/wp\/v2\/pages\/1312\/revisions"}],"predecessor-version":[{"id":3424,"href":"https:\/\/nordvlies.de\/en\/wp-json\/wp\/v2\/pages\/1312\/revisions\/3424"}],"wp:attachment":[{"href":"https:\/\/nordvlies.de\/en\/wp-json\/wp\/v2\/media?parent=1312"}],"curies":[{"name":"wp","href":"https:\/\/api.w.org\/{rel}","templated":true}]}}