{"id":1316,"date":"2018-01-29T14:06:52","date_gmt":"2018-01-29T13:06:52","guid":{"rendered":"http:\/\/nordvlies.de\/?page_id=1316"},"modified":"2024-12-18T13:45:41","modified_gmt":"2024-12-18T12:45:41","slug":"datenschutzerklaerung","status":"publish","type":"page","link":"https:\/\/nordvlies.de\/en\/datenschutzerklaerung\/","title":{"rendered":"Privacy Policy"},"content":{"rendered":"<div class=\"wpb-content-wrapper\"><div class=\"vc_row wpb_row vc_row-fluid dt-default\" style=\"margin-top: 0px;margin-bottom: 0px\"><div class=\"wpb_column vc_column_container vc_col-sm-12\"><div class=\"vc_column-inner\"><div class=\"wpb_wrapper\">\n\t<div class=\"wpb_text_column wpb_content_element\" >\n\t\t<div class=\"wpb_wrapper\">\n\t\t\t<p>Thank you for visiting our website. In the privacy policy, we would like to inform you about the handling of your data in accordance with Art. 13 of the General Data Protection Regulation (GDPR).<\/p>\n\n\t\t<\/div>\n\t<\/div>\n<\/div><\/div><\/div><\/div><div class=\"vc_row wpb_row vc_row-fluid dt-default\" style=\"margin-top: 0px;margin-bottom: 0px\"><div class=\"wpb_column vc_column_container vc_col-sm-12\"><div class=\"vc_column-inner\"><div class=\"wpb_wrapper\"><div class=\"vc_empty_space\"   style=\"height: 60px\"><span class=\"vc_empty_space_inner\"><\/span><\/div><\/div><\/div><\/div><\/div><div class=\"vc_row wpb_row vc_row-fluid dt-default\" style=\"margin-top: 0px;margin-bottom: 0px\"><div class=\"wpb_column vc_column_container vc_col-sm-12\"><div class=\"vc_column-inner\"><div class=\"wpb_wrapper\">\n\t<div class=\"wpb_text_column wpb_content_element\" >\n\t\t<div class=\"wpb_wrapper\">\n\t\t\t<p><strong>Controller<br \/>\n<\/strong><\/p>\n<p>The controller for the data processing described below is named in the imprint. [please link the imprint]<\/p>\n\n\t\t<\/div>\n\t<\/div>\n<\/div><\/div><\/div><\/div><div class=\"vc_row wpb_row vc_row-fluid dt-default\" style=\"margin-top: 0px;margin-bottom: 0px\"><div class=\"wpb_column vc_column_container vc_col-sm-12\"><div class=\"vc_column-inner\"><div class=\"wpb_wrapper\"><div class=\"vc_empty_space\"   style=\"height: 60px\"><span class=\"vc_empty_space_inner\"><\/span><\/div><\/div><\/div><\/div><\/div><div class=\"vc_row wpb_row vc_row-fluid dt-default\" style=\"margin-top: 0px;margin-bottom: 0px\"><div class=\"wpb_column vc_column_container vc_col-sm-12\"><div class=\"vc_column-inner\"><div class=\"wpb_wrapper\">\n\t<div class=\"wpb_text_column wpb_content_element\" >\n\t\t<div class=\"wpb_wrapper\">\n\t\t\t<p><strong>Usage data<\/p>\n<p><\/strong>When you visit our websites, our web server temporarily evaluates so-called usage data for statistical purposes in order to improve the quality of our website. This data consists of the following data categories:<\/p>\n\n\t\t<\/div>\n\t<\/div>\n<\/div><\/div><\/div><\/div><div class=\"vc_row wpb_row vc_row-fluid dt-default\" style=\"margin-top: 0px;margin-bottom: 0px\"><div class=\"wpb_column vc_column_container vc_col-sm-12\"><div class=\"vc_column-inner\"><div class=\"wpb_wrapper\">\n\t<div class=\"wpb_text_column wpb_content_element\" >\n\t\t<div class=\"wpb_wrapper\">\n\t\t\t<ul>\n<li>the name and address of the requested content,<\/li>\n<li>the date and time of the query,<\/li>\n<li>the transferred data volume,<\/li>\n<li>the access status (content transmitted, content not found),<\/li>\n<li>the description of the used web browser and operating system,<\/li>\n<li>dem Referral-Link, der angibt, von welcher Seite Sie auf unsere gelangt sind,<\/li>\n<li>the IP address of the requesting technical device, which is shortened in such a way that an individual-related reference can no longer be established.<\/li>\n<\/ul>\n\n\t\t<\/div>\n\t<\/div>\n<\/div><\/div><\/div><\/div><div class=\"vc_row wpb_row vc_row-fluid dt-default\" style=\"margin-top: 0px;margin-bottom: 0px\"><div class=\"wpb_column vc_column_container vc_col-sm-12\"><div class=\"vc_column-inner\"><div class=\"wpb_wrapper\">\n\t<div class=\"wpb_text_column wpb_content_element\" >\n\t\t<div class=\"wpb_wrapper\">\n\t\t\t<p>The aforementioned log data will be evaluated anonymously.<\/p>\n<p>The legal basis for the processing of usage data is Art. 6 (1) (f) GDPR. The processing is based on the legitimate interest of providing the contents of the website and ensuring a device- and browser-optimised display.<\/p>\n\n\t\t<\/div>\n\t<\/div>\n<\/div><\/div><\/div><\/div><div class=\"vc_row wpb_row vc_row-fluid dt-default\" style=\"margin-top: 0px;margin-bottom: 0px\"><div class=\"wpb_column vc_column_container vc_col-sm-12\"><div class=\"vc_column-inner\"><div class=\"wpb_wrapper\"><div class=\"vc_empty_space\"   style=\"height: 60px\"><span class=\"vc_empty_space_inner\"><\/span><\/div><\/div><\/div><\/div><\/div><div class=\"vc_row wpb_row vc_row-fluid dt-default\" style=\"margin-top: 0px;margin-bottom: 0px\"><div class=\"wpb_column vc_column_container vc_col-sm-12\"><div class=\"vc_column-inner\"><div class=\"wpb_wrapper\">\n\t<div class=\"wpb_text_column wpb_content_element\" >\n\t\t<div class=\"wpb_wrapper\">\n\t\t\t<p><strong>Data security<\/p>\n<p><\/strong>In order to protect your data as comprehensively as possible from unwanted access, we implement technical and organisational measures. These measures include encryption procedures on our websites. Your data is transferred from your computer to our server and vice versa via the internet using TLS encryption. You can usually recognize this by the fact that the lock symbol in the status bar of your browser is closed and the address line begins with https:\/\/.<\/p>\n\n\t\t<\/div>\n\t<\/div>\n<\/div><\/div><\/div><\/div><div class=\"vc_row wpb_row vc_row-fluid dt-default\" style=\"margin-top: 0px;margin-bottom: 0px\"><div class=\"wpb_column vc_column_container vc_col-sm-12\"><div class=\"vc_column-inner\"><div class=\"wpb_wrapper\"><div class=\"vc_empty_space\"   style=\"height: 60px\"><span class=\"vc_empty_space_inner\"><\/span><\/div><\/div><\/div><\/div><\/div><div class=\"vc_row wpb_row vc_row-fluid dt-default\" style=\"margin-top: 0px;margin-bottom: 0px\"><div class=\"wpb_column vc_column_container vc_col-sm-12\"><div class=\"vc_column-inner\"><div class=\"wpb_wrapper\">\n\t<div class=\"wpb_text_column wpb_content_element\" >\n\t\t<div class=\"wpb_wrapper\">\n\t\t\t<p><strong>Necessary cookies<br \/>\n<\/strong><\/p>\n<p>We use cookies on our websites, which are necessary for using our websites.<\/p>\n<p>Cookies are small pieces of data that are stored and read out in your end-device. A distinction is made between session cookies, which are deleted as soon as you close your browser, and permanent cookies, which are stored beyond the individual session.<\/p>\n<p>We do not use these necessary cookies for analysis, tracking or advertising purposes.<\/p>\n<p>Some of these cookies only contain information on certain settings and are not person related. They may also be necessary to enable user guidance, security and implementation of the site.<\/p>\n<p>The legal basis for using these cookies is our legitimate interest according to Art. 6 (1) (f) GDPR.<\/p>\n<p>You can set your browser to inform you about the use of cookies. You can also delete cookies or prevent the setting of new cookies at any time by using the appropriate browser settings. Please note that if you delete certain cookies, our websites may not be displayed correctly and some functions may no longer be available.<\/p>\n<p>&nbsp;<\/p>\n\n\t\t<\/div>\n\t<\/div>\n\n\t<div class=\"wpb_text_column wpb_content_element\" >\n\t\t<div class=\"wpb_wrapper\">\n\t\t\t\n<table id=\"tablepress-31\" class=\"tablepress tablepress-id-31\">\n<thead>\n<tr class=\"row-1\">\n\t<th class=\"column-1\"><b>Name<\/b><\/th><th class=\"column-2\"><b>Typ<\/b><\/th><th class=\"column-3\"><b>Speicherdauer (Tage)<\/b><\/th>\n<\/tr>\n<\/thead>\n<tbody class=\"row-striping row-hover\">\n<tr class=\"row-2\">\n\t<td class=\"column-1\">brave_page_visited<\/td><td class=\"column-2\">Local Storage (dauerhaft)<\/td><td class=\"column-3\">unbegrenzt<\/td>\n<\/tr>\n<tr class=\"row-3\">\n\t<td class=\"column-1\">devicePixelRatio<\/td><td class=\"column-2\">1st-Party (dauerhaft) *secure* HttpOnly<\/td><td class=\"column-3\">7<\/td>\n<\/tr>\n<tr class=\"row-4\">\n\t<td class=\"column-1\">eapps.popup.2<\/td><td class=\"column-2\">Local Storage (dauerhaft)<\/td><td class=\"column-3\">unbegrenzt<\/td>\n<\/tr>\n<tr class=\"row-5\">\n\t<td class=\"column-1\">testing<\/td><td class=\"column-2\">1st-Party (dauerhaft) *secure* HttpOnly<\/td><td class=\"column-3\">1<\/td>\n<\/tr>\n<\/tbody>\n<\/table>\n<!-- #tablepress-31 from cache -->\n\n\t\t<\/div>\n\t<\/div>\n<\/div><\/div><\/div><\/div><div class=\"vc_row wpb_row vc_row-fluid dt-default\" style=\"margin-top: 0px;margin-bottom: 0px\"><div class=\"wpb_column vc_column_container vc_col-sm-12\"><div class=\"vc_column-inner\"><div class=\"wpb_wrapper\"><div class=\"vc_empty_space\"   style=\"height: 60px\"><span class=\"vc_empty_space_inner\"><\/span><\/div><\/div><\/div><\/div><\/div><div class=\"vc_row wpb_row vc_row-fluid dt-default\" style=\"margin-top: 0px;margin-bottom: 0px\"><div class=\"wpb_column vc_column_container vc_col-sm-12\"><div class=\"vc_column-inner\"><div class=\"wpb_wrapper\">\n\t<div class=\"wpb_text_column wpb_content_element\" >\n\t\t<div class=\"wpb_wrapper\">\n\t\t\t<p><strong>Contact<\/p>\n<p><\/strong>You may contact us by telephone or e-mail. The legal basis for this processing is Art. 6 (1) (f) GDPR in order to respond to your request.\nYour data will only be processed to respond to your enquiry. We delete your data if it is no longer required and there are no legal retention obligations in conflict to that. \nConcerning the processing according to Art. 6 (1) (f) GDPR, you have the right to object at any time. To do so, please contact the e-mail address stated in the imprint.<\/p>\n\n\t\t<\/div>\n\t<\/div>\n<\/div><\/div><\/div><\/div><div class=\"vc_row wpb_row vc_row-fluid dt-default\" style=\"margin-top: 0px;margin-bottom: 0px\"><div class=\"wpb_column vc_column_container vc_col-sm-12\"><div class=\"vc_column-inner\"><div class=\"wpb_wrapper\"><div class=\"vc_empty_space\"   style=\"height: 60px\"><span class=\"vc_empty_space_inner\"><\/span><\/div><\/div><\/div><\/div><\/div><div class=\"vc_row wpb_row vc_row-fluid dt-default\" style=\"margin-top: 0px;margin-bottom: 0px\"><div class=\"wpb_column vc_column_container vc_col-sm-12\"><div class=\"vc_column-inner\"><div class=\"wpb_wrapper\">\n\t<div class=\"wpb_text_column wpb_content_element\" >\n\t\t<div class=\"wpb_wrapper\">\n\t\t\t<p><b>Storage period<\/p>\n<p><\/b>Unless we have already informed you in detail about the storage period, we delete personal data when they are no longer required for the aforementioned processing purposes and no legitimate interests or other (legal) reasons for storage prevent deletion.<\/p>\n\n\t\t<\/div>\n\t<\/div>\n<\/div><\/div><\/div><\/div><div class=\"vc_row wpb_row vc_row-fluid dt-default\" style=\"margin-top: 0px;margin-bottom: 0px\"><div class=\"wpb_column vc_column_container vc_col-sm-12\"><div class=\"vc_column-inner\"><div class=\"wpb_wrapper\"><div class=\"vc_empty_space\"   style=\"height: 60px\"><span class=\"vc_empty_space_inner\"><\/span><\/div><\/div><\/div><\/div><\/div><div class=\"vc_row wpb_row vc_row-fluid dt-default\" style=\"margin-top: 0px;margin-bottom: 0px\"><div class=\"wpb_column vc_column_container vc_col-sm-12\"><div class=\"vc_column-inner\"><div class=\"wpb_wrapper\">\n\t<div class=\"wpb_text_column wpb_content_element\" >\n\t\t<div class=\"wpb_wrapper\">\n\t\t\t<p><strong>Data processors<\/p>\n<p><\/strong>We transfer your personal data, in accordance to Art. 28 GDPR, to service providers \u2013 e.g. hosting service providers \u2013 who support us in the operation of our website and related processes. Our service providers are bound to us as data processors by strict instructions and contractual obligations.<\/p>\n<p>In the following, we will name the processors with whom we work, if we have not already done so in the above text of the data protection declaration. If data may be processed outside the EU or the EEA in this context, we inform you about this in the following table.<\/p>\n\n\t\t<\/div>\n\t<\/div>\n\n\t<div class=\"wpb_text_column wpb_content_element\" >\n\t\t<div class=\"wpb_wrapper\">\n\t\t\t\n<table id=\"tablepress-1\" class=\"tablepress tablepress-id-1\">\n<thead>\n<tr class=\"row-1\">\n\t<th class=\"column-1\"><b>Data processor<\/b><\/th><th class=\"column-2\"><b>purposes<\/b><\/th><th class=\"column-3\"><b>Adequate level of data protection<\/b><\/th>\n<\/tr>\n<\/thead>\n<tbody class=\"row-striping row-hover\">\n<tr class=\"row-2\">\n\t<td class=\"column-1\">Silicon Planet GmbH<\/td><td class=\"column-2\">Web hosting<\/td><td class=\"column-3\">Processing only within the EU\/EEA<\/td>\n<\/tr>\n<tr class=\"row-3\">\n\t<td class=\"column-1\">Werbeagentur Seifert<\/td><td class=\"column-2\">Support and design website<\/td><td class=\"column-3\">Processing only within the EU\/EEA<\/td>\n<\/tr>\n<\/tbody>\n<\/table>\n<!-- #tablepress-1 from cache -->\n\n\t\t<\/div>\n\t<\/div>\n<\/div><\/div><\/div><\/div><div class=\"vc_row wpb_row vc_row-fluid dt-default\" style=\"margin-top: 0px;margin-bottom: 0px\"><div class=\"wpb_column vc_column_container vc_col-sm-12\"><div class=\"vc_column-inner\"><div class=\"wpb_wrapper\"><div class=\"vc_empty_space\"   style=\"height: 60px\"><span class=\"vc_empty_space_inner\"><\/span><\/div><\/div><\/div><\/div><\/div><div class=\"vc_row wpb_row vc_row-fluid dt-default\" style=\"margin-top: 0px;margin-bottom: 0px\"><div class=\"wpb_column vc_column_container vc_col-sm-12\"><div class=\"vc_column-inner\"><div class=\"wpb_wrapper\">\n\t<div class=\"wpb_text_column wpb_content_element\" >\n\t\t<div class=\"wpb_wrapper\">\n\t\t\t<p><strong>Your rights as a data subject<\/strong><\/p>\n<p>When processing your personal data, the GDPR grants you certain rights as a data subject:<\/p>\n<p><em>Right of access (Art. 15 GDPR)<\/em><\/p>\n<p>You have the right to obtain confirmation as to whether personal data of you is being processed; if this is the case, you have the right to obtain information about the processed personal data and to receive the information listed in detail in Art. 15 GDPR.<\/p>\n<p><em>Right to rectification (Art. 16 GDPR)<\/em><\/p>\n<p>You have the right to request the rectification of any inaccurate personal data relating to you and, where applicable, the completion of any incomplete data, without delay.<\/p>\n<p><em>Right to erasure (Art. 17 GDPR)<\/em><\/p>\n<p>You have the right to request the erasure of your personal data without delay, provided that one of the reasons listed in detail in Art. 17 GDPR applies.<\/p>\n<p><em>Right to restriction of processing (Art. 18 GDPR)<\/em><\/p>\n<p>You have the right to request the restriction of processing, for the duration of the assessment by the controller, if one of the requirements listed in Art. 18 GDPR is met, e.g. if you have objected to the processing.<\/p>\n<p><em>Right to data portability (Art. 20 GDPR)<\/em><\/p>\n<p>In certain cases, which are listed in detail in Art. 20 GDPR, you have the right to receive your personal data in a structured, commonly used and machine-readable format or to request the transfer of this data to a third party.<\/p>\n<p><em>Right to withdraw consent (Art. 7 GDPR)<\/em><\/p>\n<p>If the processing of data is based on your consent, you are entitled to withdraw your consent to the processing of your personal data at any time in accordance with Art. 7 (3) GDPR. Please note that the withdrawal of the consent only effective for the future. Processing that took place before the withdrawal is not affected.<\/p>\n<p><em>Right to object (Art. 21 GDPR)<\/em><\/p>\n<p>If data is collected on the basis of Art. 6 (1) (f) GDPR (data processing for the protection of legitimate interests) or on the basis of Art. 6 (1) (e) GDPR (data processing for the protection of public interests or in the exercise of official authority), you have the right to object to the processing at any time for reasons arising from your particular situation. We will then no longer process the personal data unless there are demonstrably compelling legitimate grounds for the processing which override your interests, rights and freedoms, or the processing serves to assert, exercise or defend legal claims.<\/p>\n<p><em>Right to lodge a complaint with a supervisory authority (Art. 77 GDPR)<\/em><\/p>\n<p>Pursuant to Art. 77 GDPR, you have the right to lodge a complaint with a supervisory authority if you believe that the processing of your data violates data protection regulations. The right to lodge a complaint can be asserted in particular witha supervisory authority in the Member State of your habitual residence, your place of work or the place of the suspected infringement.<\/p>\n<p><em>Asserting your rights<\/em><\/p>\n<p>Unless otherwise described above, please contact the controller of the data processing named in the imprint to assert your rights as a data subject.<\/p>\n\n\t\t<\/div>\n\t<\/div>\n<\/div><\/div><\/div><\/div><div class=\"vc_row wpb_row vc_row-fluid dt-default\" style=\"margin-top: 0px;margin-bottom: 0px\"><div class=\"wpb_column vc_column_container vc_col-sm-12\"><div class=\"vc_column-inner\"><div class=\"wpb_wrapper\"><div class=\"vc_empty_space\"   style=\"height: 60px\"><span class=\"vc_empty_space_inner\"><\/span><\/div><\/div><\/div><\/div><\/div><div class=\"vc_row wpb_row vc_row-fluid dt-default\" style=\"margin-top: 0px;margin-bottom: 0px\"><div class=\"wpb_column vc_column_container vc_col-sm-12\"><div class=\"vc_column-inner\"><div class=\"wpb_wrapper\">\n\t<div class=\"wpb_text_column wpb_content_element\" >\n\t\t<div class=\"wpb_wrapper\">\n\t\t\t<p><strong>Contact of our Data Protection Officer<\/strong><\/p>\n<p>Our external data protection officer will be happy to provide you with information on the subject of data protection under the following contact details:<\/p>\n<p>datenschutz nord GmbH<br \/>\nWeb:\u00a0<a href=\"https:\/\/www.dsn-group.de\/\">https:\/\/www.dsn-group.de\/<\/a><br \/>\nE-mail:\u00a0<a href=\"mailto:office@datenschutz-nord.de\">office@datenschutz-nord.de<\/a><\/p>\n<p>If you contact our data protection officer, please also state the controller for the data processing named in the imprint.<\/p>\n\n\t\t<\/div>\n\t<\/div>\n<\/div><\/div><\/div><\/div>\n<\/div>","protected":false},"excerpt":{"rendered":"Wir freuen uns \u00fcber Ihren Besuch auf unserer Webseite. Nachfolgend m\u00f6chten wir Sie \u00fcber den Umgang mit Ihren Daten gem. Art. 13 Datenschutz-Grundverordnung (DSGVO) informieren. Verantwortlicher Verantwortlich f\u00fcr die nachfolgend dargestellten Datenverarbeitungen ist die im Impressum genannte Stelle. Nutzungsdaten Wenn Sie unsere Webseiten besuchen, werden auf unserem Webserver tempor\u00e4r sogenannte Nutzungsdaten zu statistischen Zwecken als&hellip;","protected":false},"author":1,"featured_media":0,"parent":0,"menu_order":8,"comment_status":"closed","ping_status":"closed","template":"","meta":[],"class_list":["post-1316","page","type-page","status-publish","hentry","description-off"],"yoast_head":"<!-- This site is optimized with the Yoast SEO plugin v26.4 - https:\/\/yoast.com\/wordpress\/plugins\/seo\/ -->\n<title>Datenschutzerkl\u00e4rung - Nordvlies<\/title>\n<meta name=\"robots\" content=\"noindex, nofollow\" \/>\n<meta property=\"og:locale\" content=\"en_US\" \/>\n<meta property=\"og:type\" content=\"article\" \/>\n<meta property=\"og:title\" content=\"Datenschutzerkl\u00e4rung - Nordvlies\" \/>\n<meta property=\"og:url\" content=\"https:\/\/nordvlies.de\/en\/datenschutzerklaerung\/\" \/>\n<meta property=\"og:site_name\" content=\"Nordvlies\" \/>\n<meta property=\"article:modified_time\" content=\"2024-12-18T12:45:41+00:00\" \/>\n<meta name=\"twitter:card\" content=\"summary_large_image\" \/>\n<meta name=\"twitter:label1\" content=\"Est. reading time\" \/>\n\t<meta name=\"twitter:data1\" content=\"8 minutes\" \/>\n<script type=\"application\/ld+json\" class=\"yoast-schema-graph\">{\"@context\":\"https:\/\/schema.org\",\"@graph\":[{\"@type\":\"WebPage\",\"@id\":\"https:\/\/nordvlies.de\/datenschutzerklaerung\/\",\"url\":\"https:\/\/nordvlies.de\/datenschutzerklaerung\/\",\"name\":\"Datenschutzerkl\u00e4rung - Nordvlies\",\"isPartOf\":{\"@id\":\"https:\/\/nordvlies.de\/#website\"},\"datePublished\":\"2018-01-29T13:06:52+00:00\",\"dateModified\":\"2024-12-18T12:45:41+00:00\",\"breadcrumb\":{\"@id\":\"https:\/\/nordvlies.de\/datenschutzerklaerung\/#breadcrumb\"},\"inLanguage\":\"en-US\",\"potentialAction\":[{\"@type\":\"ReadAction\",\"target\":[\"https:\/\/nordvlies.de\/datenschutzerklaerung\/\"]}]},{\"@type\":\"BreadcrumbList\",\"@id\":\"https:\/\/nordvlies.de\/datenschutzerklaerung\/#breadcrumb\",\"itemListElement\":[{\"@type\":\"ListItem\",\"position\":1,\"name\":\"Startseite\",\"item\":\"https:\/\/nordvlies.de\/\"},{\"@type\":\"ListItem\",\"position\":2,\"name\":\"Datenschutzerkl\u00e4rung\"}]},{\"@type\":\"WebSite\",\"@id\":\"https:\/\/nordvlies.de\/#website\",\"url\":\"https:\/\/nordvlies.de\/\",\"name\":\"Nordvlies\",\"description\":\"\",\"potentialAction\":[{\"@type\":\"SearchAction\",\"target\":{\"@type\":\"EntryPoint\",\"urlTemplate\":\"https:\/\/nordvlies.de\/?s={search_term_string}\"},\"query-input\":{\"@type\":\"PropertyValueSpecification\",\"valueRequired\":true,\"valueName\":\"search_term_string\"}}],\"inLanguage\":\"en-US\"}]}<\/script>\n<!-- \/ Yoast SEO plugin. -->","yoast_head_json":{"title":"Datenschutzerkl\u00e4rung - Nordvlies","robots":{"index":"noindex","follow":"nofollow"},"og_locale":"en_US","og_type":"article","og_title":"Datenschutzerkl\u00e4rung - Nordvlies","og_url":"https:\/\/nordvlies.de\/en\/datenschutzerklaerung\/","og_site_name":"Nordvlies","article_modified_time":"2024-12-18T12:45:41+00:00","twitter_card":"summary_large_image","twitter_misc":{"Est. reading time":"8 minutes"},"schema":{"@context":"https:\/\/schema.org","@graph":[{"@type":"WebPage","@id":"https:\/\/nordvlies.de\/datenschutzerklaerung\/","url":"https:\/\/nordvlies.de\/datenschutzerklaerung\/","name":"Datenschutzerkl\u00e4rung - Nordvlies","isPartOf":{"@id":"https:\/\/nordvlies.de\/#website"},"datePublished":"2018-01-29T13:06:52+00:00","dateModified":"2024-12-18T12:45:41+00:00","breadcrumb":{"@id":"https:\/\/nordvlies.de\/datenschutzerklaerung\/#breadcrumb"},"inLanguage":"en-US","potentialAction":[{"@type":"ReadAction","target":["https:\/\/nordvlies.de\/datenschutzerklaerung\/"]}]},{"@type":"BreadcrumbList","@id":"https:\/\/nordvlies.de\/datenschutzerklaerung\/#breadcrumb","itemListElement":[{"@type":"ListItem","position":1,"name":"Startseite","item":"https:\/\/nordvlies.de\/"},{"@type":"ListItem","position":2,"name":"Datenschutzerkl\u00e4rung"}]},{"@type":"WebSite","@id":"https:\/\/nordvlies.de\/#website","url":"https:\/\/nordvlies.de\/","name":"Nordvlies","description":"","potentialAction":[{"@type":"SearchAction","target":{"@type":"EntryPoint","urlTemplate":"https:\/\/nordvlies.de\/?s={search_term_string}"},"query-input":{"@type":"PropertyValueSpecification","valueRequired":true,"valueName":"search_term_string"}}],"inLanguage":"en-US"}]}},"_links":{"self":[{"href":"https:\/\/nordvlies.de\/en\/wp-json\/wp\/v2\/pages\/1316","targetHints":{"allow":["GET"]}}],"collection":[{"href":"https:\/\/nordvlies.de\/en\/wp-json\/wp\/v2\/pages"}],"about":[{"href":"https:\/\/nordvlies.de\/en\/wp-json\/wp\/v2\/types\/page"}],"author":[{"embeddable":true,"href":"https:\/\/nordvlies.de\/en\/wp-json\/wp\/v2\/users\/1"}],"replies":[{"embeddable":true,"href":"https:\/\/nordvlies.de\/en\/wp-json\/wp\/v2\/comments?post=1316"}],"version-history":[{"count":2,"href":"https:\/\/nordvlies.de\/en\/wp-json\/wp\/v2\/pages\/1316\/revisions"}],"predecessor-version":[{"id":3338,"href":"https:\/\/nordvlies.de\/en\/wp-json\/wp\/v2\/pages\/1316\/revisions\/3338"}],"wp:attachment":[{"href":"https:\/\/nordvlies.de\/en\/wp-json\/wp\/v2\/media?parent=1316"}],"curies":[{"name":"wp","href":"https:\/\/api.w.org\/{rel}","templated":true}]}}