{"id":1378,"date":"2018-02-21T10:41:55","date_gmt":"2018-02-21T09:41:55","guid":{"rendered":"http:\/\/nordvlies.de\/?page_id=1378"},"modified":"2023-09-29T12:45:40","modified_gmt":"2023-09-29T10:45:40","slug":"unternehmen","status":"publish","type":"page","link":"https:\/\/nordvlies.de\/en\/unternehmen\/","title":{"rendered":"Companies"},"content":{"rendered":"<div class=\"wpb-content-wrapper\"><div class=\"vc_row wpb_row vc_row-fluid dt-default\" style=\"margin-top: 0px;margin-bottom: 0px\"><div class=\"wpb_column vc_column_container vc_col-sm-8\"><div class=\"vc_column-inner\"><div class=\"wpb_wrapper\">\n\t<div class=\"wpb_text_column wpb_content_element  vc_custom_1643026533626\" >\n\t\t<div class=\"wpb_wrapper\">\n\t\t\t<h2><strong>The specialist for hygiene,<\/strong><\/h2>\n<h3>cleaning and maintenance for four generations<\/h3>\n\n\t\t<\/div>\n\t<\/div>\n\n\t<div class=\"wpb_text_column wpb_content_element\" >\n\t\t<div class=\"wpb_wrapper\">\n\t\t\t<p>Customer service and quality are the main priorities \u2013 this was even the case during the time of Karl and Erna Wasilewski. They founded their domestic laundry \u201cFrauenstolz\u201d (\u201cWomen\u2019s Pride\u201d) in Hamburg in 1928 and laid the foundation for today\u2019s Nordvlies GmbH. The family\u2019s second generation, Karl-G\u00fcnter and Elisabeth Wasilewski, changed the direction of the company towards the end of the 60s. From the laundry business came a company selling hygiene paper products and cellulose fibre products. After moving to Bargteheide, just outside of Hamburg, in the 80s, the next Wasilewski generation, Andreas and Annegret, went one step further: This sales company then turned into a highly modern operation producing hygiene products.<\/p>\n<p>&nbsp;<\/p>\n<p>Nordvlies ist nun seit mehr als 95 Jahren ein f\u00fchrender Hersteller von Wisch-, Reinigungs- und Pfleget\u00fcchern aus Vliesstoff, Hygienepapier und Spendersystemen, Gastronomieprodukten, Schutzbekleidung und Hautschutz. Zu unseren Kunden geh\u00f6ren Gro\u00dfhandelsunternehmen und Gro\u00dfverbraucher weltweit. Am Firmensitz in Bargteheide bei Hamburg befinden sich Verwaltung, Zentrallager und Produktion. An vier Verarbeitungslinien werden Vliesstoffe und Tissuepapiere zu gefalteten und gerollten Produkten konfektioniert.<\/p>\n<p>&nbsp;<\/p>\n<p>The end products \u2013 wiping, cleaning and polishing cloths, paper towel rolls, serviettes and table cloths \u2013 are the focus of the product range and are sold under the WIPEX \u00ae brand name.<\/p>\n<p>&nbsp;<\/p>\n<p>&nbsp;<\/p>\n\n\t\t<\/div>\n\t<\/div>\n<\/div><\/div><\/div><div class=\"wpb_column vc_column_container vc_col-sm-4\"><div class=\"vc_column-inner\"><div class=\"wpb_wrapper\">\n\t<div  class=\"wpb_single_image wpb_content_element vc_align_center\">\n\t\t\n\t\t<figure class=\"wpb_wrapper vc_figure\">\n\t\t\t<div class=\"vc_single_image-wrapper   vc_box_border_grey\"><img loading=\"lazy\" decoding=\"async\" width=\"1200\" height=\"852\" src=\"https:\/\/nordvlies.de\/wp-content\/uploads\/2021\/12\/geschaetfsfuehrer.jpg\" class=\"vc_single_image-img attachment-full\" alt=\"\" title=\"gesch\u00e4tfsf\u00fchrer\" srcset=\"https:\/\/nordvlies.de\/wp-content\/uploads\/2021\/12\/geschaetfsfuehrer.jpg 1200w, https:\/\/nordvlies.de\/wp-content\/uploads\/2021\/12\/geschaetfsfuehrer-300x213.jpg 300w, https:\/\/nordvlies.de\/wp-content\/uploads\/2021\/12\/geschaetfsfuehrer-1024x727.jpg 1024w, https:\/\/nordvlies.de\/wp-content\/uploads\/2021\/12\/geschaetfsfuehrer-768x545.jpg 768w\" sizes=\"auto, (max-width: 1200px) 100vw, 1200px\"  data-dt-location=\"https:\/\/nordvlies.de\/en\/unternehmen\/geschaetfsfuehrer\/\" \/><\/div>\n\t\t<\/figure>\n\t<\/div>\n\n\t<div class=\"wpb_text_column wpb_content_element\" >\n\t\t<div class=\"wpb_wrapper\">\n\t\t\t<p><strong>Torsten Wasilewski, Bj\u00f6rn Wasilewski<\/strong><\/p>\n\n\t\t<\/div>\n\t<\/div>\n\n\t<div  class=\"wpb_single_image wpb_content_element vc_align_center  vc_custom_1638547098450\">\n\t\t\n\t\t<figure class=\"wpb_wrapper vc_figure\">\n\t\t\t<div class=\"vc_single_image-wrapper   vc_box_border_grey\"><img loading=\"lazy\" decoding=\"async\" width=\"981\" height=\"364\" src=\"https:\/\/nordvlies.de\/wp-content\/uploads\/2018\/02\/leistung.jpg\" class=\"vc_single_image-img attachment-full\" alt=\"\" title=\"performance\" srcset=\"https:\/\/nordvlies.de\/wp-content\/uploads\/2018\/02\/leistung.jpg 981w, https:\/\/nordvlies.de\/wp-content\/uploads\/2018\/02\/leistung-300x111.jpg 300w, https:\/\/nordvlies.de\/wp-content\/uploads\/2018\/02\/leistung-768x285.jpg 768w\" sizes=\"auto, (max-width: 981px) 100vw, 981px\"  data-dt-location=\"https:\/\/nordvlies.de\/en\/leistung\/leistung-2\/\" \/><\/div>\n\t\t<\/figure>\n\t<\/div>\n<\/div><\/div><\/div><\/div><div data-vc-full-width=\"true\" data-vc-full-width-init=\"false\" class=\"vc_row wpb_row vc_row-fluid vc_custom_1638977286932 vc_row-has-fill\"><div class=\"wpb_column vc_column_container vc_col-sm-12 vc_hidden-sm vc_hidden-xs\"><div class=\"vc_column-inner\"><div class=\"wpb_wrapper\"><\/div><\/div><\/div><\/div><div class=\"vc_row-full-width vc_clearfix\"><\/div><!-- Row Backgrounds --><div class=\"upb_bg_img\" data-ultimate-bg=\"url(https:\/\/nordvlies.de\/wp-content\/uploads\/2021\/12\/slider_historie_02.jpg)\" data-image-id=\"id^2732|url^http:\/\/nordvlies.de\/wp-content\/uploads\/2021\/12\/slider_historie_02.jpg|caption^null|alt^null|title^slider_historie_02|description^null\" data-ultimate-bg-style=\"vcpb-default\" data-bg-img-repeat=\"no-repeat\" data-bg-img-size=\"cover\" data-bg-img-position=\"\" data-parallx_sense=\"30\" data-bg-override=\"full\" data-bg_img_attach=\"fixed\" data-upb-overlay-color=\"\" data-upb-bg-animation=\"\" data-fadeout=\"\" data-bg-animation=\"left-animation\" data-bg-animation-type=\"h\" data-animation-repeat=\"repeat\" data-fadeout-percentage=\"30\" data-parallax-content=\"\" data-parallax-content-sense=\"30\" data-row-effect-mobile-disable=\"true\" data-img-parallax-mobile-disable=\"true\" data-rtl=\"false\"  data-custom-vc-row=\"\"  data-vc=\"7.9\"  data-is_old_vc=\"\"  data-theme-support=\"\"   data-overlay=\"false\" data-overlay-color=\"\" data-overlay-pattern=\"\" data-overlay-pattern-opacity=\"\" data-overlay-pattern-size=\"\"    ><\/div><div class=\"vc_row wpb_row vc_row-fluid dt-default\" style=\"margin-top: 0px;margin-bottom: 0px\"><div class=\"wpb_column vc_column_container vc_col-sm-12\"><div class=\"vc_column-inner\"><div class=\"wpb_wrapper\">\n\t<div class=\"wpb_text_column wpb_content_element  vc_custom_1638546098851\" >\n\t\t<div class=\"wpb_wrapper\">\n\t\t\t<div class=\"wpb_text_column wpb_content_element\">\n<div class=\"wpb_wrapper\">\n<h2>Customer service and quality for four generations<\/h2>\n<\/div>\n<\/div>\n\n\t\t<\/div>\n\t<\/div>\n<\/div><\/div><\/div><\/div><div class=\"vc_row wpb_row vc_row-fluid dt-default\" style=\"margin-top: 0px;margin-bottom: 0px\"><div class=\"wpb_column vc_column_container vc_col-sm-4\"><div class=\"vc_column-inner\"><div class=\"wpb_wrapper\">\n\t<div class=\"wpb_text_column wpb_content_element\" >\n\t\t<div class=\"wpb_wrapper\">\n\t\t\t<p>The company founders, Karl and Erna Wasilewski, indeed thought of cleanliness and hygiene at first, though not of cleaning and polishing cloths: The company was founded in 1928 as a domestic laundry in Hamburg-Altona. However an outlet for selling cleaning cloths was added on just nine years later and the first move occurred a little while later: Todendorf, a small community on the Hamburg-L\u00fcbeck motorway, became the new company home.<\/p>\n<p>The first generation change happened in the 60s: Karl-G\u00fcnter and Elisabeth Wasilewski took over business, concentrated the company concept entirely on modern hygiene and cellulose fibre cloths and founded NORDVLIES GmbH.<\/p>\n<p>In 1981, the next generation came in the form of Andreas and Annegret Wasilewski, with interesting ideas for the further expansion of the company. In addition to the purely trade business, the company\u2019s own assembly of cellulose fibre cloths and other products was expanded. Soon the space in the Todendorf company buildings was not enough.<\/p>\n\n\t\t<\/div>\n\t<\/div>\n<\/div><\/div><\/div><div class=\"wpb_column vc_column_container vc_col-sm-4\"><div class=\"vc_column-inner\"><div class=\"wpb_wrapper\">\n\t<div class=\"wpb_text_column wpb_content_element\" >\n\t\t<div class=\"wpb_wrapper\">\n\t\t\t<p>Constructed and establishment of a new storage and office building commenced in 1988 on commercial property acquired in Bargteheide bei Hamburg. All NORDVLIES products manufactured in-house now bore the WIPEX registered trademark.<\/p>\n<p>Additional company expansion and the resulting need for space prompted another move in October 2001. A 17,500 sqm-large industrial area at the site of a former spirits factory, also in Bargteheide, was acquired at the end of the 90s and was renovated and expanded. Today there is approx. 12,000 sqm of production, storage and office space here.<\/p>\n<p>Bj\u00f6rn and Torsten Wasilewski have led Nordvlies GmbH business activities as the fourth Wasilewski generation since October 2014. They will continue the business using old traditions paired with new ideas. Long-existing customer relationships and continued growth are the best arguments for the company\u2019s policy: fairness and professionalism with tradition!<\/p>\n\n\t\t<\/div>\n\t<\/div>\n<\/div><\/div><\/div><div class=\"wpb_column vc_column_container vc_col-sm-4\"><div class=\"vc_column-inner\"><div class=\"wpb_wrapper\">\n\t<div  class=\"wpb_single_image wpb_content_element vc_align_left\">\n\t\t\n\t\t<figure class=\"wpb_wrapper vc_figure\">\n\t\t\t<div class=\"vc_single_image-wrapper   vc_box_border_grey\"><img loading=\"lazy\" decoding=\"async\" width=\"300\" height=\"258\" src=\"https:\/\/nordvlies.de\/wp-content\/uploads\/2021\/12\/saugbert-1-300x258.png\" class=\"vc_single_image-img attachment-medium\" alt=\"\" title=\"suckbert\" srcset=\"https:\/\/nordvlies.de\/wp-content\/uploads\/2021\/12\/saugbert-1-300x258.png 300w, https:\/\/nordvlies.de\/wp-content\/uploads\/2021\/12\/saugbert-1-1024x879.png 1024w, https:\/\/nordvlies.de\/wp-content\/uploads\/2021\/12\/saugbert-1-768x659.png 768w, https:\/\/nordvlies.de\/wp-content\/uploads\/2021\/12\/saugbert-1-1536x1319.png 1536w, https:\/\/nordvlies.de\/wp-content\/uploads\/2021\/12\/saugbert-1.png 1861w\" sizes=\"auto, (max-width: 300px) 100vw, 300px\"  data-dt-location=\"https:\/\/nordvlies.de\/en\/unternehmen\/saugbert-3\/\" \/><\/div>\n\t\t<\/figure>\n\t<\/div>\n\n\t<div class=\"wpb_text_column wpb_content_element\" >\n\t\t<div class=\"wpb_wrapper\">\n\t\t\t<p><strong>Mascot - Saugbert<\/strong><\/p>\n\n\t\t<\/div>\n\t<\/div>\n<\/div><\/div><\/div><\/div>\n<\/div>","protected":false},"excerpt":{"rendered":"The specialist in hygiene, cleaning and care for four generations Customer service and quality are the focus - that was already the case with Karl and Erna Wasilewski. In 1928 they founded the house laundry &quot;Frauenstolz&quot; in Hamburg and laid the foundation for today&#039;s Nordvlies GmbH. The second generation of the family, Karl-G\u00fcnter and Elisabeth Wasilewski, changed at the end of the\u2026","protected":false},"author":1,"featured_media":0,"parent":0,"menu_order":8,"comment_status":"closed","ping_status":"closed","template":"","meta":[],"class_list":["post-1378","page","type-page","status-publish","hentry","description-off"],"yoast_head":"<!-- This site is optimized with the Yoast SEO plugin v26.4 - https:\/\/yoast.com\/wordpress\/plugins\/seo\/ -->\n<title>Unternehmen | Nordvlies Hygiene<\/title>\n<meta name=\"description\" content=\"Nordvlies ist nun seit mehr als 85 Jahren ein f\u00fchrender Hersteller von Wisch-, Reinigungs- und Pfleget\u00fcchern aus Vliesstoff, Hygienepapier und Spendersystemen, Gastronomieprodukten, Schutzbekleidung und Hautschutz.\" \/>\n<meta name=\"robots\" content=\"index, follow, max-snippet:-1, max-image-preview:large, max-video-preview:-1\" \/>\n<link rel=\"canonical\" href=\"https:\/\/nordvlies.de\/en\/unternehmen\/\" \/>\n<meta property=\"og:locale\" content=\"en_US\" \/>\n<meta property=\"og:type\" content=\"article\" \/>\n<meta property=\"og:title\" content=\"Unternehmen | Nordvlies Hygiene\" \/>\n<meta property=\"og:description\" content=\"Nordvlies ist nun seit mehr als 85 Jahren ein f\u00fchrender Hersteller von Wisch-, Reinigungs- und Pfleget\u00fcchern aus Vliesstoff, Hygienepapier und Spendersystemen, Gastronomieprodukten, Schutzbekleidung und Hautschutz.\" \/>\n<meta property=\"og:url\" content=\"https:\/\/nordvlies.de\/en\/unternehmen\/\" \/>\n<meta property=\"og:site_name\" content=\"Nordvlies\" \/>\n<meta property=\"article:modified_time\" content=\"2023-09-29T10:45:40+00:00\" \/>\n<meta name=\"twitter:card\" content=\"summary_large_image\" \/>\n<meta name=\"twitter:label1\" content=\"Est. reading time\" \/>\n\t<meta name=\"twitter:data1\" content=\"3 minutes\" \/>\n<script type=\"application\/ld+json\" class=\"yoast-schema-graph\">{\"@context\":\"https:\/\/schema.org\",\"@graph\":[{\"@type\":\"WebPage\",\"@id\":\"https:\/\/nordvlies.de\/unternehmen\/\",\"url\":\"https:\/\/nordvlies.de\/unternehmen\/\",\"name\":\"Unternehmen | Nordvlies Hygiene\",\"isPartOf\":{\"@id\":\"https:\/\/nordvlies.de\/#website\"},\"datePublished\":\"2018-02-21T09:41:55+00:00\",\"dateModified\":\"2023-09-29T10:45:40+00:00\",\"description\":\"Nordvlies ist nun seit mehr als 85 Jahren ein f\u00fchrender Hersteller von Wisch-, Reinigungs- und Pfleget\u00fcchern aus Vliesstoff, Hygienepapier und Spendersystemen, Gastronomieprodukten, Schutzbekleidung und Hautschutz.\",\"breadcrumb\":{\"@id\":\"https:\/\/nordvlies.de\/unternehmen\/#breadcrumb\"},\"inLanguage\":\"en-US\",\"potentialAction\":[{\"@type\":\"ReadAction\",\"target\":[\"https:\/\/nordvlies.de\/unternehmen\/\"]}]},{\"@type\":\"BreadcrumbList\",\"@id\":\"https:\/\/nordvlies.de\/unternehmen\/#breadcrumb\",\"itemListElement\":[{\"@type\":\"ListItem\",\"position\":1,\"name\":\"Startseite\",\"item\":\"https:\/\/nordvlies.de\/\"},{\"@type\":\"ListItem\",\"position\":2,\"name\":\"Unternehmen\"}]},{\"@type\":\"WebSite\",\"@id\":\"https:\/\/nordvlies.de\/#website\",\"url\":\"https:\/\/nordvlies.de\/\",\"name\":\"Nordvlies\",\"description\":\"\",\"potentialAction\":[{\"@type\":\"SearchAction\",\"target\":{\"@type\":\"EntryPoint\",\"urlTemplate\":\"https:\/\/nordvlies.de\/?s={search_term_string}\"},\"query-input\":{\"@type\":\"PropertyValueSpecification\",\"valueRequired\":true,\"valueName\":\"search_term_string\"}}],\"inLanguage\":\"en-US\"}]}<\/script>\n<!-- \/ Yoast SEO plugin. -->","yoast_head_json":{"title":"Unternehmen | Nordvlies Hygiene","description":"Nordvlies ist nun seit mehr als 85 Jahren ein f\u00fchrender Hersteller von Wisch-, Reinigungs- und Pfleget\u00fcchern aus Vliesstoff, Hygienepapier und Spendersystemen, Gastronomieprodukten, Schutzbekleidung und Hautschutz.","robots":{"index":"index","follow":"follow","max-snippet":"max-snippet:-1","max-image-preview":"max-image-preview:large","max-video-preview":"max-video-preview:-1"},"canonical":"https:\/\/nordvlies.de\/en\/unternehmen\/","og_locale":"en_US","og_type":"article","og_title":"Unternehmen | Nordvlies Hygiene","og_description":"Nordvlies ist nun seit mehr als 85 Jahren ein f\u00fchrender Hersteller von Wisch-, Reinigungs- und Pfleget\u00fcchern aus Vliesstoff, Hygienepapier und Spendersystemen, Gastronomieprodukten, Schutzbekleidung und Hautschutz.","og_url":"https:\/\/nordvlies.de\/en\/unternehmen\/","og_site_name":"Nordvlies","article_modified_time":"2023-09-29T10:45:40+00:00","twitter_card":"summary_large_image","twitter_misc":{"Est. reading time":"3 minutes"},"schema":{"@context":"https:\/\/schema.org","@graph":[{"@type":"WebPage","@id":"https:\/\/nordvlies.de\/unternehmen\/","url":"https:\/\/nordvlies.de\/unternehmen\/","name":"Unternehmen | Nordvlies Hygiene","isPartOf":{"@id":"https:\/\/nordvlies.de\/#website"},"datePublished":"2018-02-21T09:41:55+00:00","dateModified":"2023-09-29T10:45:40+00:00","description":"Nordvlies ist nun seit mehr als 85 Jahren ein f\u00fchrender Hersteller von Wisch-, Reinigungs- und Pfleget\u00fcchern aus Vliesstoff, Hygienepapier und Spendersystemen, Gastronomieprodukten, Schutzbekleidung und Hautschutz.","breadcrumb":{"@id":"https:\/\/nordvlies.de\/unternehmen\/#breadcrumb"},"inLanguage":"en-US","potentialAction":[{"@type":"ReadAction","target":["https:\/\/nordvlies.de\/unternehmen\/"]}]},{"@type":"BreadcrumbList","@id":"https:\/\/nordvlies.de\/unternehmen\/#breadcrumb","itemListElement":[{"@type":"ListItem","position":1,"name":"Startseite","item":"https:\/\/nordvlies.de\/"},{"@type":"ListItem","position":2,"name":"Unternehmen"}]},{"@type":"WebSite","@id":"https:\/\/nordvlies.de\/#website","url":"https:\/\/nordvlies.de\/","name":"Nordvlies","description":"","potentialAction":[{"@type":"SearchAction","target":{"@type":"EntryPoint","urlTemplate":"https:\/\/nordvlies.de\/?s={search_term_string}"},"query-input":{"@type":"PropertyValueSpecification","valueRequired":true,"valueName":"search_term_string"}}],"inLanguage":"en-US"}]}},"_links":{"self":[{"href":"https:\/\/nordvlies.de\/en\/wp-json\/wp\/v2\/pages\/1378","targetHints":{"allow":["GET"]}}],"collection":[{"href":"https:\/\/nordvlies.de\/en\/wp-json\/wp\/v2\/pages"}],"about":[{"href":"https:\/\/nordvlies.de\/en\/wp-json\/wp\/v2\/types\/page"}],"author":[{"embeddable":true,"href":"https:\/\/nordvlies.de\/en\/wp-json\/wp\/v2\/users\/1"}],"replies":[{"embeddable":true,"href":"https:\/\/nordvlies.de\/en\/wp-json\/wp\/v2\/comments?post=1378"}],"version-history":[{"count":0,"href":"https:\/\/nordvlies.de\/en\/wp-json\/wp\/v2\/pages\/1378\/revisions"}],"wp:attachment":[{"href":"https:\/\/nordvlies.de\/en\/wp-json\/wp\/v2\/media?parent=1378"}],"curies":[{"name":"wp","href":"https:\/\/api.w.org\/{rel}","templated":true}]}}