{"id":1387,"date":"2018-02-21T10:51:23","date_gmt":"2018-02-21T09:51:23","guid":{"rendered":"http:\/\/nordvlies.de\/?page_id=1387"},"modified":"2018-04-11T23:16:53","modified_gmt":"2018-04-11T21:16:53","slug":"leistung","status":"publish","type":"page","link":"https:\/\/nordvlies.de\/en\/leistung\/","title":{"rendered":"Leistung"},"content":{"rendered":"<div class=\"wpb-content-wrapper\"><div class=\"vc_row wpb_row vc_row-fluid dt-default\" style=\"margin-top: 0px;margin-bottom: 0px\"><div class=\"wpb_column vc_column_container vc_col-sm-8\"><div class=\"vc_column-inner\"><div class=\"wpb_wrapper\">\n\t<div class=\"wpb_text_column wpb_content_element\" >\n\t\t<div class=\"wpb_wrapper\">\n\t\t\t<h2>range of services<\/h2>\n\n\t\t<\/div>\n\t<\/div>\n<div class=\"vc_empty_space\"   style=\"height: 32px\"><span class=\"vc_empty_space_inner\"><\/span><\/div>\n\t<div class=\"wpb_text_column wpb_content_element\" >\n\t\t<div class=\"wpb_wrapper\">\n\t\t\t<p>You can always rely on WIPEX \u00ae products when it comes to cleaning and care. The product range includes cleaning cloths specially designed for every work area and for all tasks. Whether for absorbing solid and liquid substances or for treating sensitive surfaces - WIPEX \u00ae wipes solve every cleaning problem. The WIPEX \u00ae products are available on perforated rolls and in folded formats.<\/p>\n<p>Nordvlies is one of the strongest partners of the Finnish hygiene paper manufacturer Mets\u00e4 Tissue, the number 1 in Scandinavia. From the factories in Finland, Sweden, Poland and Germany, the KATRIN \u00ae products reach the Nordvlies Logistic Center in Bargteheide without any detours, from where they are sold throughout Europe.<\/p>\n<p>With modern high-speed machines, tons of so-called parent rolls made of viscose, polyester, polypropylene nonwovens and multi-ply tissue papers are processed daily into format cloths and perforated rolls. The WIPEX \u00ae products are manufactured on four production lines, two rewinders and two folding machines, each with a connected packaging machine. Flexibility also plays an important role here. Customer requests, from individual dimensions and packaging to private labels, are gladly fulfilled.<\/p>\n\n\t\t<\/div>\n\t<\/div>\n<\/div><\/div><\/div><div class=\"wpb_column vc_column_container vc_col-sm-4\"><div class=\"vc_column-inner\"><div class=\"wpb_wrapper\"><div class=\"vc_empty_space\"   style=\"height: 75px\"><span class=\"vc_empty_space_inner\"><\/span><\/div>\n\t<div  class=\"wpb_single_image wpb_content_element vc_align_center\">\n\t\t\n\t\t<figure class=\"wpb_wrapper vc_figure\">\n\t\t\t<div class=\"vc_single_image-wrapper   vc_box_border_grey\"><img loading=\"lazy\" decoding=\"async\" width=\"120\" height=\"195\" src=\"https:\/\/nordvlies.de\/wp-content\/uploads\/2018\/02\/iso9001.gif\" class=\"vc_single_image-img attachment-full\" alt=\"\" title=\"iso9001\"  data-dt-location=\"https:\/\/nordvlies.de\/en\/leistung\/iso9001\/\" \/><\/div>\n\t\t<\/figure>\n\t<\/div>\n<div class=\"vc_empty_space\"   style=\"height: 32px\"><span class=\"vc_empty_space_inner\"><\/span><\/div>\n\t<div class=\"wpb_text_column wpb_content_element\" >\n\t\t<div class=\"wpb_wrapper\">\n\t\t\t<p style=\"text-align: center;\"><strong>The NORDVLIES quality management is certified according to DIN ISO 9001 \/ 2008<\/strong><\/p>\n\n\t\t<\/div>\n\t<\/div>\n<div class=\"vc_empty_space\"   style=\"height: 32px\"><span class=\"vc_empty_space_inner\"><\/span><\/div>\n\t<div  class=\"wpb_single_image wpb_content_element vc_align_center\">\n\t\t\n\t\t<figure class=\"wpb_wrapper vc_figure\">\n\t\t\t<div class=\"vc_single_image-wrapper   vc_box_border_grey\"><img loading=\"lazy\" decoding=\"async\" width=\"150\" height=\"90\" src=\"https:\/\/nordvlies.de\/wp-content\/uploads\/2018\/02\/signet.jpg\" class=\"vc_single_image-img attachment-full\" alt=\"\" title=\"signet\"  data-dt-location=\"https:\/\/nordvlies.de\/en\/leistung\/signet\/\" \/><\/div>\n\t\t<\/figure>\n\t<\/div>\n<\/div><\/div><\/div><\/div>\n<\/div>","protected":false},"excerpt":{"rendered":"Leistungsspektrum Auf WIPEX \u00ae-Produkte ist immer Verlass, wenn es um Reinigung und Pflege geht. Die Produktpalette umfasst f\u00fcr jeden Arbeitsbereich und f\u00fcr s\u00e4mtliche Aufgaben die speziell darauf abgestimmten Reinigungst\u00fccher. Ob zum Aufnehmen von festen und fl\u00fcssigen Stoffen oder zur Behandlung von empfindlichen Oberfl\u00e4chen, - WIPEX \u00ae-Wischt\u00fccher l\u00f6sen jedes Reinigungsproblem. Die WIPEX \u00ae-Produkte sind auf perforierten&hellip;","protected":false},"author":1,"featured_media":0,"parent":0,"menu_order":8,"comment_status":"closed","ping_status":"closed","template":"","meta":[],"class_list":["post-1387","page","type-page","status-publish","hentry","description-off"],"yoast_head":"<!-- This site is optimized with the Yoast SEO plugin v26.4 - https:\/\/yoast.com\/wordpress\/plugins\/seo\/ -->\n<title>Leistung | Nordvlies Hygiene<\/title>\n<meta name=\"description\" content=\"Informieren Sie sich \u00fcber das umfassende Leistungsspektrum von Nordvlies Hygiene - wir sind Ihr Ansprechpartner wenn es um Reinigung und Pflege geht!\" \/>\n<meta name=\"robots\" content=\"index, follow, max-snippet:-1, max-image-preview:large, max-video-preview:-1\" \/>\n<link rel=\"canonical\" href=\"https:\/\/nordvlies.de\/en\/leistung\/\" \/>\n<meta property=\"og:locale\" content=\"en_US\" \/>\n<meta property=\"og:type\" content=\"article\" \/>\n<meta property=\"og:title\" content=\"Leistung | Nordvlies Hygiene\" \/>\n<meta property=\"og:description\" content=\"Informieren Sie sich \u00fcber das umfassende Leistungsspektrum von Nordvlies Hygiene - wir sind Ihr Ansprechpartner wenn es um Reinigung und Pflege geht!\" \/>\n<meta property=\"og:url\" content=\"https:\/\/nordvlies.de\/en\/leistung\/\" \/>\n<meta property=\"og:site_name\" content=\"Nordvlies\" \/>\n<meta property=\"article:modified_time\" content=\"2018-04-11T21:16:53+00:00\" \/>\n<meta name=\"twitter:card\" content=\"summary_large_image\" \/>\n<meta name=\"twitter:label1\" content=\"Est. reading time\" \/>\n\t<meta name=\"twitter:data1\" content=\"1 minute\" \/>\n<script type=\"application\/ld+json\" class=\"yoast-schema-graph\">{\"@context\":\"https:\/\/schema.org\",\"@graph\":[{\"@type\":\"WebPage\",\"@id\":\"https:\/\/nordvlies.de\/leistung\/\",\"url\":\"https:\/\/nordvlies.de\/leistung\/\",\"name\":\"Leistung | Nordvlies Hygiene\",\"isPartOf\":{\"@id\":\"https:\/\/nordvlies.de\/#website\"},\"datePublished\":\"2018-02-21T09:51:23+00:00\",\"dateModified\":\"2018-04-11T21:16:53+00:00\",\"description\":\"Informieren Sie sich \u00fcber das umfassende Leistungsspektrum von Nordvlies Hygiene - wir sind Ihr Ansprechpartner wenn es um Reinigung und Pflege geht!\",\"breadcrumb\":{\"@id\":\"https:\/\/nordvlies.de\/leistung\/#breadcrumb\"},\"inLanguage\":\"en-US\",\"potentialAction\":[{\"@type\":\"ReadAction\",\"target\":[\"https:\/\/nordvlies.de\/leistung\/\"]}]},{\"@type\":\"BreadcrumbList\",\"@id\":\"https:\/\/nordvlies.de\/leistung\/#breadcrumb\",\"itemListElement\":[{\"@type\":\"ListItem\",\"position\":1,\"name\":\"Startseite\",\"item\":\"https:\/\/nordvlies.de\/\"},{\"@type\":\"ListItem\",\"position\":2,\"name\":\"Leistung\"}]},{\"@type\":\"WebSite\",\"@id\":\"https:\/\/nordvlies.de\/#website\",\"url\":\"https:\/\/nordvlies.de\/\",\"name\":\"Nordvlies\",\"description\":\"\",\"potentialAction\":[{\"@type\":\"SearchAction\",\"target\":{\"@type\":\"EntryPoint\",\"urlTemplate\":\"https:\/\/nordvlies.de\/?s={search_term_string}\"},\"query-input\":{\"@type\":\"PropertyValueSpecification\",\"valueRequired\":true,\"valueName\":\"search_term_string\"}}],\"inLanguage\":\"en-US\"}]}<\/script>\n<!-- \/ Yoast SEO plugin. -->","yoast_head_json":{"title":"Leistung | Nordvlies Hygiene","description":"Informieren Sie sich \u00fcber das umfassende Leistungsspektrum von Nordvlies Hygiene - wir sind Ihr Ansprechpartner wenn es um Reinigung und Pflege geht!","robots":{"index":"index","follow":"follow","max-snippet":"max-snippet:-1","max-image-preview":"max-image-preview:large","max-video-preview":"max-video-preview:-1"},"canonical":"https:\/\/nordvlies.de\/en\/leistung\/","og_locale":"en_US","og_type":"article","og_title":"Leistung | Nordvlies Hygiene","og_description":"Informieren Sie sich \u00fcber das umfassende Leistungsspektrum von Nordvlies Hygiene - wir sind Ihr Ansprechpartner wenn es um Reinigung und Pflege geht!","og_url":"https:\/\/nordvlies.de\/en\/leistung\/","og_site_name":"Nordvlies","article_modified_time":"2018-04-11T21:16:53+00:00","twitter_card":"summary_large_image","twitter_misc":{"Est. reading time":"1 minute"},"schema":{"@context":"https:\/\/schema.org","@graph":[{"@type":"WebPage","@id":"https:\/\/nordvlies.de\/leistung\/","url":"https:\/\/nordvlies.de\/leistung\/","name":"Leistung | Nordvlies Hygiene","isPartOf":{"@id":"https:\/\/nordvlies.de\/#website"},"datePublished":"2018-02-21T09:51:23+00:00","dateModified":"2018-04-11T21:16:53+00:00","description":"Informieren Sie sich \u00fcber das umfassende Leistungsspektrum von Nordvlies Hygiene - wir sind Ihr Ansprechpartner wenn es um Reinigung und Pflege geht!","breadcrumb":{"@id":"https:\/\/nordvlies.de\/leistung\/#breadcrumb"},"inLanguage":"en-US","potentialAction":[{"@type":"ReadAction","target":["https:\/\/nordvlies.de\/leistung\/"]}]},{"@type":"BreadcrumbList","@id":"https:\/\/nordvlies.de\/leistung\/#breadcrumb","itemListElement":[{"@type":"ListItem","position":1,"name":"Startseite","item":"https:\/\/nordvlies.de\/"},{"@type":"ListItem","position":2,"name":"Leistung"}]},{"@type":"WebSite","@id":"https:\/\/nordvlies.de\/#website","url":"https:\/\/nordvlies.de\/","name":"Nordvlies","description":"","potentialAction":[{"@type":"SearchAction","target":{"@type":"EntryPoint","urlTemplate":"https:\/\/nordvlies.de\/?s={search_term_string}"},"query-input":{"@type":"PropertyValueSpecification","valueRequired":true,"valueName":"search_term_string"}}],"inLanguage":"en-US"}]}},"_links":{"self":[{"href":"https:\/\/nordvlies.de\/en\/wp-json\/wp\/v2\/pages\/1387","targetHints":{"allow":["GET"]}}],"collection":[{"href":"https:\/\/nordvlies.de\/en\/wp-json\/wp\/v2\/pages"}],"about":[{"href":"https:\/\/nordvlies.de\/en\/wp-json\/wp\/v2\/types\/page"}],"author":[{"embeddable":true,"href":"https:\/\/nordvlies.de\/en\/wp-json\/wp\/v2\/users\/1"}],"replies":[{"embeddable":true,"href":"https:\/\/nordvlies.de\/en\/wp-json\/wp\/v2\/comments?post=1387"}],"version-history":[{"count":0,"href":"https:\/\/nordvlies.de\/en\/wp-json\/wp\/v2\/pages\/1387\/revisions"}],"wp:attachment":[{"href":"https:\/\/nordvlies.de\/en\/wp-json\/wp\/v2\/media?parent=1387"}],"curies":[{"name":"wp","href":"https:\/\/api.w.org\/{rel}","templated":true}]}}