{"id":1485,"date":"2018-02-25T05:07:11","date_gmt":"2018-02-25T04:07:11","guid":{"rendered":"http:\/\/nordvlies.de\/?page_id=1485"},"modified":"2022-08-11T12:03:54","modified_gmt":"2022-08-11T10:03:54","slug":"wipex-mikrofaser-produkte-textil","status":"publish","type":"page","link":"https:\/\/nordvlies.de\/en\/produkte\/wipex\/wipex-mikrofaser-produkte-textil\/","title":{"rendered":"WIPEX \u00ae MICROFIBER-Products (fabric)"},"content":{"rendered":"<div class=\"wpb-content-wrapper\"><div class=\"vc_row wpb_row vc_row-fluid dt-default\" style=\"margin-top: 0px;margin-bottom: 0px\"><div class=\"wpb_column vc_column_container vc_col-sm-8\"><div class=\"vc_column-inner\"><div class=\"wpb_wrapper\"><div class=\"vc_row wpb_row vc_inner vc_row-fluid\"><div class=\"wpb_column vc_column_container vc_col-sm-6\"><div class=\"vc_column-inner\"><div class=\"wpb_wrapper\">\n\t<div class=\"wpb_text_column wpb_content_element\" >\n\t\t<div class=\"wpb_wrapper\">\n\t\t\t<h1><b>WIPEX \u00ae MICROFIBER-Products (fabric) \u00a0<\/b><\/h1>\n<h4>...are extremely powerful, economical and versatile for cleaning and polishing. Five innovative products are available for every requirement.<\/h4>\n<p>&nbsp;<\/p>\n<p><b>Main fields of application:<\/b><\/p>\n<p class=\"micro\">Alle glatten und por\u00f6sen Oberfl\u00e4chen am Auto, in der K\u00fcche, an Maschinen und Ger\u00e4ten (WIPEX ECONOMY). Elektronik, Edelstahl (WIPEX ALLROUNDER).Autolacke, Armaturen, Chrom, Glas, Bildschirme, Spiegel, Edelstahl, Fenster, Kacheln. Ideal f\u00fcr das Trockenwischen nach der Autow\u00e4sche, streifenfreier Glanz ohne Reinigungsmittel, extrem saugf\u00e4hig, sanft zu Oberfl\u00e4chen, schonend, fusselfreie Reinigung (WIPEX OCTOPUS). Besonders schonendes Reinigen und Polieren von Karosserie- und Lackteilen (WIPEX SUPRA).<\/p>\n<p>&nbsp;<\/p>\n\n\t\t<\/div>\n\t<\/div>\n<\/div><\/div><\/div><div class=\"wpb_column vc_column_container vc_col-sm-6\"><div class=\"vc_column-inner\"><div class=\"wpb_wrapper\">\n\t<div  class=\"wpb_single_image wpb_content_element vc_align_left\">\n\t\t\n\t\t<figure class=\"wpb_wrapper vc_figure\">\n\t\t\t<div class=\"vc_single_image-wrapper   vc_box_border_grey\"><img loading=\"lazy\" decoding=\"async\" width=\"1500\" height=\"1629\" src=\"https:\/\/nordvlies.de\/wp-content\/uploads\/2021\/12\/montage_mikrofaser02.png\" class=\"vc_single_image-img attachment-full\" alt=\"\" title=\"montage_mikrofaser02\" srcset=\"https:\/\/nordvlies.de\/wp-content\/uploads\/2021\/12\/montage_mikrofaser02.png 1500w, https:\/\/nordvlies.de\/wp-content\/uploads\/2021\/12\/montage_mikrofaser02-276x300.png 276w, https:\/\/nordvlies.de\/wp-content\/uploads\/2021\/12\/montage_mikrofaser02-943x1024.png 943w, https:\/\/nordvlies.de\/wp-content\/uploads\/2021\/12\/montage_mikrofaser02-768x834.png 768w, https:\/\/nordvlies.de\/wp-content\/uploads\/2021\/12\/montage_mikrofaser02-1414x1536.png 1414w\" sizes=\"auto, (max-width: 1500px) 100vw, 1500px\"  data-dt-location=\"https:\/\/nordvlies.de\/en\/produkte\/wipex\/wipex-mikrofaser-produkte-textil\/montage_mikrofaser02\/\" \/><\/div>\n\t\t<\/figure>\n\t<\/div>\n<\/div><\/div><\/div><\/div>\n\t<div class=\"wpb_text_column wpb_content_element\" >\n\t\t<div class=\"wpb_wrapper\">\n\t\t\t\n<table id=\"tablepress-14\" class=\"tablepress tablepress-id-14\">\n<thead>\n<tr class=\"row-1\">\n\t<th class=\"column-1\">Art.No.<\/th><th class=\"column-2\">Article<\/th><th class=\"column-3\">Dimension<\/th><th class=\"column-4\">Packing Unit<\/th><th class=\"column-5\">Palette<\/th>\n<\/tr>\n<\/thead>\n<tbody class=\"row-striping row-hover\">\n<tr class=\"row-2\">\n\t<td class=\"column-1\">88002<\/td><td class=\"column-2\">WIPEX Microfiber wipes ECONOMY<br \/>\n<\/td><td class=\"column-3\">approx. 40 x 40 cm, approx. 240 g\/m\u00b2, blue<br \/>\n<\/td><td class=\"column-4\">Carton of 20 pieces (underpacked 2 x 10 pieces)<\/td><td class=\"column-5\">180 cartons<\/td>\n<\/tr>\n<tr class=\"row-3\">\n\t<td class=\"column-1\">88003<\/td><td class=\"column-2\">WIPEX-Microfiber wipes ALLROUNDER<br \/>\n<\/td><td class=\"column-3\">approx. 40 x 40 cm, approx. 260 g\/m\u00b2, white<\/td><td class=\"column-4\">Carton of 10 pieces (underpacked 10 x 1 piece)<\/td><td class=\"column-5\">180 cartons<\/td>\n<\/tr>\n<tr class=\"row-4\">\n\t<td class=\"column-1\">88009<\/td><td class=\"column-2\">WIPEX-Mikrofasert\u00fccher SUPRA,<\/br> lasergeschnittene Kanten<br \/>\n<\/td><td class=\"column-3\">approx. 40 x 40 cm, approx. 320 g\/m\u00b2<\/td><td class=\"column-4\">Carton of 10 pieces (underpacked 10 x 1 piece)<\/td><td class=\"column-5\">247 cartons<\/td>\n<\/tr>\n<tr class=\"row-5\">\n\t<td class=\"column-1\">88008<\/td><td class=\"column-2\">WIPEX-Microfiber sponge OCTOPUS<br \/>\n<\/td><td class=\"column-3\"><\/td><td class=\"column-4\">Carton of 10 pieces<\/td><td class=\"column-5\">60 cartons<\/td>\n<\/tr>\n<tr class=\"row-6\">\n\t<td class=\"column-1\">88899<\/td><td class=\"column-2\">WIPEX \u00ae SUPER CARE<br \/>\r\n<\/td><td class=\"column-3\">ca. 40 x 50 cm, ca. 1100 g\/m \u00b2<\/td><td class=\"column-4\">Karton \u00e0  10 St\u00fcck  (unterverpackt 10 x 1 St.)<\/td><td class=\"column-5\">50 boxes<\/td>\n<\/tr>\n<\/tbody>\n<\/table>\n<!-- #tablepress-14 from cache -->\n\n\t\t<\/div>\n\t<\/div>\n<\/div><\/div><\/div><div class=\"wpb_column vc_column_container vc_col-sm-4\"><div class=\"vc_column-inner\"><div class=\"wpb_wrapper\"><div  class=\"vc_wp_custommenu wpb_content_element\"><div class=\"widget widget_nav_menu\"><div class=\"menu-produkte-container\"><ul id=\"menu-produkte\" class=\"menu\"><li id=\"menu-item-1672\" class=\"menu-item menu-item-type-post_type menu-item-object-page menu-item-1672\"><a href=\"https:\/\/nordvlies.de\/en\/produkte\/wipex\/wipex-putzpapiere\/\">WIPEX \u00ae Cleaning papers<\/a><\/li>\n<li id=\"menu-item-1662\" class=\"menu-item menu-item-type-post_type menu-item-object-page menu-item-1662\"><a href=\"https:\/\/nordvlies.de\/en\/produkte\/wipex\/wipex-airlaid-mars\/\">WIPEX \u00ae AIRLAID MARS<\/a><\/li>\n<li id=\"menu-item-1663\" class=\"menu-item menu-item-type-post_type menu-item-object-page menu-item-1663\"><a href=\"https:\/\/nordvlies.de\/en\/produkte\/wipex\/wipex-airlaid-mb\/\">WIPEX \u00ae AIRLAID MB<\/a><\/li>\n<li id=\"menu-item-1674\" class=\"menu-item menu-item-type-post_type menu-item-object-page menu-item-1674\"><a href=\"https:\/\/nordvlies.de\/en\/produkte\/wipex\/wipex-soft\/\">WIPEX \u00ae SOFT<\/a><\/li>\n<li id=\"menu-item-1667\" class=\"menu-item menu-item-type-post_type menu-item-object-page menu-item-1667\"><a href=\"https:\/\/nordvlies.de\/en\/produkte\/wipex\/wipex-fullpower\/\">WIPEX \u00ae FULLPOWER<\/a><\/li>\n<li id=\"menu-item-1673\" class=\"menu-item menu-item-type-post_type menu-item-object-page menu-item-1673\"><a href=\"https:\/\/nordvlies.de\/en\/produkte\/wipex\/wipex-sensitiv\/\">WIPEX \u00ae SENSITIVE<\/a><\/li>\n<li id=\"menu-item-1675\" class=\"menu-item menu-item-type-post_type menu-item-object-page menu-item-1675\"><a href=\"https:\/\/nordvlies.de\/en\/produkte\/wipex\/wipex-spezial\/\">WIPEX \u00ae SPEZIAL<\/a><\/li>\n<li id=\"menu-item-1665\" class=\"menu-item menu-item-type-post_type menu-item-object-page menu-item-1665\"><a href=\"https:\/\/nordvlies.de\/en\/produkte\/wipex\/wipex-cleanzie\/\">WIPEX \u00ae CLEANZIE<\/a><\/li>\n<li id=\"menu-item-1676\" class=\"menu-item menu-item-type-post_type menu-item-object-page menu-item-1676\"><a href=\"https:\/\/nordvlies.de\/en\/produkte\/wipex\/wipex-star\/\">WIPEX \u00ae STAR<\/a><\/li>\n<li id=\"menu-item-1670\" class=\"menu-item menu-item-type-post_type menu-item-object-page menu-item-1670\"><a href=\"https:\/\/nordvlies.de\/en\/produkte\/wipex\/wipex-mikrofaser-tuecher-vliesstoff\/\">WIPEX \u00ae MICROFIBRE wipes<\/a><\/li>\n<li id=\"menu-item-1669\" class=\"menu-item menu-item-type-post_type menu-item-object-page menu-item-1669\"><a href=\"https:\/\/nordvlies.de\/en\/produkte\/wipex\/wipex-mikrofaser-produkte-textil\/\">WIPEX \u00ae MICROFIBRE products<\/a><\/li>\n<li id=\"menu-item-3201\" class=\"menu-item menu-item-type-post_type menu-item-object-page menu-item-3201\"><a href=\"https:\/\/nordvlies.de\/en\/wipex-wipers\/\">WIPEX \u00ae WIPERS P60<\/a><\/li>\n<li id=\"menu-item-1682\" class=\"menu-item menu-item-type-post_type menu-item-object-page menu-item-1682\"><a href=\"https:\/\/nordvlies.de\/en\/produkte\/wipex\/wipex-work\/\">WIPEX \u00ae WORK<\/a><\/li>\n<li id=\"menu-item-1679\" class=\"menu-item menu-item-type-post_type menu-item-object-page menu-item-1679\"><a href=\"https:\/\/nordvlies.de\/en\/produkte\/wipex\/wipex-wet\/\">WIPEX \u00ae WET<\/a><\/li>\n<li id=\"menu-item-1680\" class=\"menu-item menu-item-type-post_type menu-item-object-page menu-item-1680\"><a href=\"https:\/\/nordvlies.de\/en\/produkte\/wipex\/wipex-wet-desi\/\">WIPEX \u00ae WET DESI<\/a><\/li>\n<li id=\"menu-item-1681\" class=\"menu-item menu-item-type-post_type menu-item-object-page menu-item-1681\"><a href=\"https:\/\/nordvlies.de\/en\/produkte\/wipex\/wipex-wet-hand-tool\/\">WIPEX \u00ae WET Hand &amp; Tool<\/a><\/li>\n<li id=\"menu-item-1678\" class=\"menu-item menu-item-type-post_type menu-item-object-page menu-item-1678\"><a href=\"https:\/\/nordvlies.de\/en\/produkte\/wipex\/wipex-supreme\/\">WIPEX \u00ae SUPREME<\/a><\/li>\n<li id=\"menu-item-1666\" class=\"menu-item menu-item-type-post_type menu-item-object-page menu-item-1666\"><a href=\"https:\/\/nordvlies.de\/en\/produkte\/wipex\/wipex-fsw-spezial\/\">WIPEX \u00ae FSW Special<\/a><\/li>\n<li id=\"menu-item-1671\" class=\"menu-item menu-item-type-post_type menu-item-object-page menu-item-1671\"><a href=\"https:\/\/nordvlies.de\/en\/produkte\/wipex\/wipex-pofessionell\/\">WIPEX \u00ae PoFessional<\/a><\/li>\n<li id=\"menu-item-1668\" class=\"menu-item menu-item-type-post_type menu-item-object-page menu-item-1668\"><a href=\"https:\/\/nordvlies.de\/en\/produkte\/wipex\/wipex-handtuchrolle\/\">WIPEX \u00ae towel rolls<\/a><\/li>\n<li id=\"menu-item-1683\" class=\"menu-item menu-item-type-post_type menu-item-object-page menu-item-1683\"><a href=\"https:\/\/nordvlies.de\/en\/produkte\/wipex\/wipex-z-falthandtuecher\/\">WIPEX \u00ae Z-Folded paper towels<\/a><\/li>\n<li id=\"menu-item-2190\" class=\"menu-item menu-item-type-post_type menu-item-object-page menu-item-2190\"><a href=\"https:\/\/nordvlies.de\/en\/produkte\/wipex\/wipex-hygiene-towel\/\">WIPEX \u00ae hygiene towel<\/a><\/li>\n<li id=\"menu-item-2199\" class=\"menu-item menu-item-type-post_type menu-item-object-page menu-item-2199\"><a href=\"https:\/\/nordvlies.de\/en\/produkte\/wipex\/wipex-tolle-rolle\/\">WIPEX \u00ae GREAT ROLL<\/a><\/li>\n<li id=\"menu-item-3367\" class=\"menu-item menu-item-type-post_type menu-item-object-page menu-item-3367\"><a href=\"https:\/\/nordvlies.de\/en\/wipex-spezial-blau\/\">WIPEX \u00ae special blue<\/a><\/li>\n<li id=\"menu-item-3391\" class=\"menu-item menu-item-type-post_type menu-item-object-page menu-item-3391\"><a href=\"https:\/\/nordvlies.de\/en\/wipex-super-care\/\">WIPEX \u00ae SUPER CARE<\/a><\/li>\n<li id=\"menu-item-3419\" class=\"menu-item menu-item-type-post_type menu-item-object-page menu-item-3419\"><a href=\"https:\/\/nordvlies.de\/en\/wipex-wet-wash-gloves\/\">WIPEX \u00ae WET WASH GLOVES<\/a><\/li>\n<\/ul><\/div><\/div><\/div><\/div><\/div><\/div><\/div>\n<\/div>","protected":false},"excerpt":{"rendered":"WIPEX \u00ae MIKROFASER-Produkte (Textil) \u00a0 ...sind extrem leistungsstark, wirtschaftlich und vielseitig beim Reinigen und Polieren. F\u00fcnf innovative Produkte gibt es f\u00fcr die unterschiedlichsten Anforderungen. &nbsp; Haupteinsatzgebiete: Alle glatten und por\u00f6sen Oberfl\u00e4chen am Auto, in der K\u00fcche, an Maschinen und Ger\u00e4ten (WIPEX ECONOMY). Elektronik, Edelstahl (WIPEX ALLROUNDER).Autolacke, Armaturen, Chrom, Glas, Bildschirme, Spiegel, Edelstahl, Fenster, Kacheln. Ideal&hellip;","protected":false},"author":1,"featured_media":0,"parent":1418,"menu_order":8,"comment_status":"closed","ping_status":"closed","template":"","meta":[],"class_list":["post-1485","page","type-page","status-publish","hentry","description-off"],"yoast_head":"<!-- This site is optimized with the Yoast SEO plugin v26.4 - https:\/\/yoast.com\/wordpress\/plugins\/seo\/ -->\n<title>WIPEX \u00ae MIKROFASER-Produkte (Textil) - Nordvlies<\/title>\n<meta name=\"robots\" content=\"index, follow, max-snippet:-1, max-image-preview:large, max-video-preview:-1\" \/>\n<link rel=\"canonical\" href=\"https:\/\/nordvlies.de\/en\/produkte\/wipex\/wipex-mikrofaser-produkte-textil\/\" \/>\n<meta property=\"og:locale\" content=\"en_US\" \/>\n<meta property=\"og:type\" content=\"article\" \/>\n<meta property=\"og:title\" content=\"WIPEX \u00ae MIKROFASER-Produkte (Textil) - Nordvlies\" \/>\n<meta property=\"og:url\" content=\"https:\/\/nordvlies.de\/en\/produkte\/wipex\/wipex-mikrofaser-produkte-textil\/\" \/>\n<meta property=\"og:site_name\" content=\"Nordvlies\" \/>\n<meta property=\"article:modified_time\" content=\"2022-08-11T10:03:54+00:00\" \/>\n<meta name=\"twitter:card\" content=\"summary_large_image\" \/>\n<meta name=\"twitter:label1\" content=\"Est. reading time\" \/>\n\t<meta name=\"twitter:data1\" content=\"1 minute\" \/>\n<script type=\"application\/ld+json\" class=\"yoast-schema-graph\">{\"@context\":\"https:\/\/schema.org\",\"@graph\":[{\"@type\":\"WebPage\",\"@id\":\"https:\/\/nordvlies.de\/produkte\/wipex\/wipex-mikrofaser-produkte-textil\/\",\"url\":\"https:\/\/nordvlies.de\/produkte\/wipex\/wipex-mikrofaser-produkte-textil\/\",\"name\":\"WIPEX \u00ae MIKROFASER-Produkte (Textil) - Nordvlies\",\"isPartOf\":{\"@id\":\"https:\/\/nordvlies.de\/#website\"},\"datePublished\":\"2018-02-25T04:07:11+00:00\",\"dateModified\":\"2022-08-11T10:03:54+00:00\",\"breadcrumb\":{\"@id\":\"https:\/\/nordvlies.de\/produkte\/wipex\/wipex-mikrofaser-produkte-textil\/#breadcrumb\"},\"inLanguage\":\"en-US\",\"potentialAction\":[{\"@type\":\"ReadAction\",\"target\":[\"https:\/\/nordvlies.de\/produkte\/wipex\/wipex-mikrofaser-produkte-textil\/\"]}]},{\"@type\":\"BreadcrumbList\",\"@id\":\"https:\/\/nordvlies.de\/produkte\/wipex\/wipex-mikrofaser-produkte-textil\/#breadcrumb\",\"itemListElement\":[{\"@type\":\"ListItem\",\"position\":1,\"name\":\"Startseite\",\"item\":\"https:\/\/nordvlies.de\/\"},{\"@type\":\"ListItem\",\"position\":2,\"name\":\"Produkte\",\"item\":\"https:\/\/nordvlies.de\/produkte\/\"},{\"@type\":\"ListItem\",\"position\":3,\"name\":\"WIPEX\",\"item\":\"https:\/\/nordvlies.de\/produkte\/wipex\/\"},{\"@type\":\"ListItem\",\"position\":4,\"name\":\"WIPEX \u00ae MIKROFASER-Produkte (Textil)\"}]},{\"@type\":\"WebSite\",\"@id\":\"https:\/\/nordvlies.de\/#website\",\"url\":\"https:\/\/nordvlies.de\/\",\"name\":\"Nordvlies\",\"description\":\"\",\"potentialAction\":[{\"@type\":\"SearchAction\",\"target\":{\"@type\":\"EntryPoint\",\"urlTemplate\":\"https:\/\/nordvlies.de\/?s={search_term_string}\"},\"query-input\":{\"@type\":\"PropertyValueSpecification\",\"valueRequired\":true,\"valueName\":\"search_term_string\"}}],\"inLanguage\":\"en-US\"}]}<\/script>\n<!-- \/ Yoast SEO plugin. -->","yoast_head_json":{"title":"WIPEX \u00ae MIKROFASER-Produkte (Textil) - Nordvlies","robots":{"index":"index","follow":"follow","max-snippet":"max-snippet:-1","max-image-preview":"max-image-preview:large","max-video-preview":"max-video-preview:-1"},"canonical":"https:\/\/nordvlies.de\/en\/produkte\/wipex\/wipex-mikrofaser-produkte-textil\/","og_locale":"en_US","og_type":"article","og_title":"WIPEX \u00ae MIKROFASER-Produkte (Textil) - Nordvlies","og_url":"https:\/\/nordvlies.de\/en\/produkte\/wipex\/wipex-mikrofaser-produkte-textil\/","og_site_name":"Nordvlies","article_modified_time":"2022-08-11T10:03:54+00:00","twitter_card":"summary_large_image","twitter_misc":{"Est. reading time":"1 minute"},"schema":{"@context":"https:\/\/schema.org","@graph":[{"@type":"WebPage","@id":"https:\/\/nordvlies.de\/produkte\/wipex\/wipex-mikrofaser-produkte-textil\/","url":"https:\/\/nordvlies.de\/produkte\/wipex\/wipex-mikrofaser-produkte-textil\/","name":"WIPEX \u00ae MIKROFASER-Produkte (Textil) - Nordvlies","isPartOf":{"@id":"https:\/\/nordvlies.de\/#website"},"datePublished":"2018-02-25T04:07:11+00:00","dateModified":"2022-08-11T10:03:54+00:00","breadcrumb":{"@id":"https:\/\/nordvlies.de\/produkte\/wipex\/wipex-mikrofaser-produkte-textil\/#breadcrumb"},"inLanguage":"en-US","potentialAction":[{"@type":"ReadAction","target":["https:\/\/nordvlies.de\/produkte\/wipex\/wipex-mikrofaser-produkte-textil\/"]}]},{"@type":"BreadcrumbList","@id":"https:\/\/nordvlies.de\/produkte\/wipex\/wipex-mikrofaser-produkte-textil\/#breadcrumb","itemListElement":[{"@type":"ListItem","position":1,"name":"Startseite","item":"https:\/\/nordvlies.de\/"},{"@type":"ListItem","position":2,"name":"Produkte","item":"https:\/\/nordvlies.de\/produkte\/"},{"@type":"ListItem","position":3,"name":"WIPEX","item":"https:\/\/nordvlies.de\/produkte\/wipex\/"},{"@type":"ListItem","position":4,"name":"WIPEX \u00ae MIKROFASER-Produkte (Textil)"}]},{"@type":"WebSite","@id":"https:\/\/nordvlies.de\/#website","url":"https:\/\/nordvlies.de\/","name":"Nordvlies","description":"","potentialAction":[{"@type":"SearchAction","target":{"@type":"EntryPoint","urlTemplate":"https:\/\/nordvlies.de\/?s={search_term_string}"},"query-input":{"@type":"PropertyValueSpecification","valueRequired":true,"valueName":"search_term_string"}}],"inLanguage":"en-US"}]}},"_links":{"self":[{"href":"https:\/\/nordvlies.de\/en\/wp-json\/wp\/v2\/pages\/1485","targetHints":{"allow":["GET"]}}],"collection":[{"href":"https:\/\/nordvlies.de\/en\/wp-json\/wp\/v2\/pages"}],"about":[{"href":"https:\/\/nordvlies.de\/en\/wp-json\/wp\/v2\/types\/page"}],"author":[{"embeddable":true,"href":"https:\/\/nordvlies.de\/en\/wp-json\/wp\/v2\/users\/1"}],"replies":[{"embeddable":true,"href":"https:\/\/nordvlies.de\/en\/wp-json\/wp\/v2\/comments?post=1485"}],"version-history":[{"count":0,"href":"https:\/\/nordvlies.de\/en\/wp-json\/wp\/v2\/pages\/1485\/revisions"}],"up":[{"embeddable":true,"href":"https:\/\/nordvlies.de\/en\/wp-json\/wp\/v2\/pages\/1418"}],"wp:attachment":[{"href":"https:\/\/nordvlies.de\/en\/wp-json\/wp\/v2\/media?parent=1485"}],"curies":[{"name":"wp","href":"https:\/\/api.w.org\/{rel}","templated":true}]}}