{"id":1587,"date":"2018-02-25T20:16:34","date_gmt":"2018-02-25T19:16:34","guid":{"rendered":"http:\/\/nordvlies.de\/?page_id=1587"},"modified":"2018-04-11T23:23:52","modified_gmt":"2018-04-11T21:23:52","slug":"chicopee","status":"publish","type":"page","link":"https:\/\/nordvlies.de\/en\/produkte\/chicopee\/","title":{"rendered":"CHICOPEE"},"content":{"rendered":"<div class=\"wpb-content-wrapper\"><div class=\"vc_row wpb_row vc_row-fluid dt-default\" style=\"margin-top: 0px;margin-bottom: 0px\"><div class=\"wpb_column vc_column_container vc_col-sm-8\"><div class=\"vc_column-inner\"><div class=\"wpb_wrapper\">\n\t<div class=\"wpb_text_column wpb_content_element\" >\n\t\t<div class=\"wpb_wrapper\">\n\t\t\t<h3><b>CHICOPEE<\/b> \u00a0...the right solution for every task.<\/h3>\n<p>Chicopee cleaning cloths are the specialists when a standard of hygiene or exceptional demands are the matter. The assortment includes, amongst others, dishcloths for usage in hotels, gastronomy and catering \u2013 they remove dirt particularly quickly, can be used multiple times and are resistant to chemical cleaning materials.<\/p>\n<h3><\/h3>\n<p>The industrial towels \u00a0<strong>VeraClean C-Clean<\/strong> \u00a0are extremely high-quality and are particularly suitable for cleaning heavily dirtied surfaces or tool parts.<\/p>\n<h3><\/h3>\n<p><strong>VeraClean Polish<\/strong> \u00a0Polish  is the name of our lint-free polishing cloths with an above-average absorption capacity.<\/p>\n<h3><\/h3>\n<p>The best choice for the dry wiping, removal and adhesion of dirt particles, dust or even toner is our unique  Duster Plus  dust binding cloth.. \u00a0<strong>Duster Plus<\/strong>.<\/p>\n<p><strong>DuraWipes Plus<\/strong> \u00a0is the name of our solvent-containing industrial wipes, which guarantee not only the highest cleanliness but also the highest longevity.<\/p>\n\n\t\t<\/div>\n\t<\/div>\n<\/div><\/div><\/div><div class=\"wpb_column vc_column_container vc_col-sm-4\"><div class=\"vc_column-inner\"><div class=\"wpb_wrapper\"><div class=\"vc_empty_space\"   style=\"height: 50px\"><span class=\"vc_empty_space_inner\"><\/span><\/div>\n\t<div  class=\"wpb_single_image wpb_content_element vc_align_center\">\n\t\t\n\t\t<figure class=\"wpb_wrapper vc_figure\">\n\t\t\t<div class=\"vc_single_image-wrapper   vc_box_border_grey\"><img loading=\"lazy\" decoding=\"async\" width=\"300\" height=\"88\" src=\"https:\/\/nordvlies.de\/wp-content\/uploads\/2018\/02\/chicopee-logo.jpg\" class=\"vc_single_image-img attachment-large\" alt=\"\" title=\"logo\"  data-dt-location=\"https:\/\/nordvlies.de\/en\/produkte\/chicopee\/logo-4\/\" \/><\/div>\n\t\t<\/figure>\n\t<\/div>\n<div class=\"vc_empty_space\"   style=\"height: 50px\"><span class=\"vc_empty_space_inner\"><\/span><\/div>\n\t<div  class=\"wpb_single_image wpb_content_element vc_align_center\">\n\t\t\n\t\t<figure class=\"wpb_wrapper vc_figure\">\n\t\t\t<div class=\"vc_single_image-wrapper   vc_box_border_grey\"><img loading=\"lazy\" decoding=\"async\" width=\"327\" height=\"225\" src=\"https:\/\/nordvlies.de\/wp-content\/uploads\/2018\/02\/chicopee_03.jpg\" class=\"vc_single_image-img attachment-large\" alt=\"\" title=\"chicopee_03\" srcset=\"https:\/\/nordvlies.de\/wp-content\/uploads\/2018\/02\/chicopee_03.jpg 327w, https:\/\/nordvlies.de\/wp-content\/uploads\/2018\/02\/chicopee_03-300x206.jpg 300w\" sizes=\"auto, (max-width: 327px) 100vw, 327px\"  data-dt-location=\"https:\/\/nordvlies.de\/en\/produkte\/chicopee\/chicopee_03\/\" \/><\/div>\n\t\t<\/figure>\n\t<\/div>\n<\/div><\/div><\/div><\/div><div class=\"vc_row wpb_row vc_row-fluid dt-default\" style=\"margin-top: 0px;margin-bottom: 0px\"><div class=\"wpb_column vc_column_container vc_col-sm-12\"><div class=\"vc_column-inner\"><div class=\"wpb_wrapper\"><div class=\"vc_empty_space\"   style=\"height: 50px\"><span class=\"vc_empty_space_inner\"><\/span><\/div><\/div><\/div><\/div><\/div>\n<\/div>","protected":false},"excerpt":{"rendered":"CHICOPEE ...so that every task finds the right solution. Chicopee cleaning cloths are the specialists when it comes to high hygiene standards or special requirements. The range includes, among other things, dishcloths for use in hotels, gastronomy and catering - they absorb dirt particularly quickly, can be used several times and are resistant to chemical...","protected":false},"author":1,"featured_media":0,"parent":1406,"menu_order":8,"comment_status":"closed","ping_status":"closed","template":"","meta":[],"class_list":["post-1587","page","type-page","status-publish","hentry","description-off"],"yoast_head":"<!-- This site is optimized with the Yoast SEO plugin v26.4 - https:\/\/yoast.com\/wordpress\/plugins\/seo\/ -->\n<title>Chicopee | Nordvlies Hygiene<\/title>\n<meta name=\"description\" content=\"Die Reinigungst\u00fccher von Chicopee sind die Spezialisten wenn es um hohen Hygienestandard oder um besondere Anforderungen geht. Das Sortiment umfasst u.a. Sp\u00fclt\u00fccher f\u00fcr den Einsatz in den Bereichen Hotel, Gastronomie und Catering.\" \/>\n<meta name=\"robots\" content=\"index, follow, max-snippet:-1, max-image-preview:large, max-video-preview:-1\" \/>\n<link rel=\"canonical\" href=\"https:\/\/nordvlies.de\/en\/produkte\/chicopee\/\" \/>\n<meta property=\"og:locale\" content=\"en_US\" \/>\n<meta property=\"og:type\" content=\"article\" \/>\n<meta property=\"og:title\" content=\"Chicopee | Nordvlies Hygiene\" \/>\n<meta property=\"og:description\" content=\"Die Reinigungst\u00fccher von Chicopee sind die Spezialisten wenn es um hohen Hygienestandard oder um besondere Anforderungen geht. Das Sortiment umfasst u.a. Sp\u00fclt\u00fccher f\u00fcr den Einsatz in den Bereichen Hotel, Gastronomie und Catering.\" \/>\n<meta property=\"og:url\" content=\"https:\/\/nordvlies.de\/en\/produkte\/chicopee\/\" \/>\n<meta property=\"og:site_name\" content=\"Nordvlies\" \/>\n<meta property=\"article:modified_time\" content=\"2018-04-11T21:23:52+00:00\" \/>\n<meta name=\"twitter:card\" content=\"summary_large_image\" \/>\n<meta name=\"twitter:label1\" content=\"Est. reading time\" \/>\n\t<meta name=\"twitter:data1\" content=\"1 minute\" \/>\n<script type=\"application\/ld+json\" class=\"yoast-schema-graph\">{\"@context\":\"https:\/\/schema.org\",\"@graph\":[{\"@type\":\"WebPage\",\"@id\":\"https:\/\/nordvlies.de\/produkte\/chicopee\/\",\"url\":\"https:\/\/nordvlies.de\/produkte\/chicopee\/\",\"name\":\"Chicopee | Nordvlies Hygiene\",\"isPartOf\":{\"@id\":\"https:\/\/nordvlies.de\/#website\"},\"datePublished\":\"2018-02-25T19:16:34+00:00\",\"dateModified\":\"2018-04-11T21:23:52+00:00\",\"description\":\"Die Reinigungst\u00fccher von Chicopee sind die Spezialisten wenn es um hohen Hygienestandard oder um besondere Anforderungen geht. Das Sortiment umfasst u.a. Sp\u00fclt\u00fccher f\u00fcr den Einsatz in den Bereichen Hotel, Gastronomie und Catering.\",\"breadcrumb\":{\"@id\":\"https:\/\/nordvlies.de\/produkte\/chicopee\/#breadcrumb\"},\"inLanguage\":\"en-US\",\"potentialAction\":[{\"@type\":\"ReadAction\",\"target\":[\"https:\/\/nordvlies.de\/produkte\/chicopee\/\"]}]},{\"@type\":\"BreadcrumbList\",\"@id\":\"https:\/\/nordvlies.de\/produkte\/chicopee\/#breadcrumb\",\"itemListElement\":[{\"@type\":\"ListItem\",\"position\":1,\"name\":\"Startseite\",\"item\":\"https:\/\/nordvlies.de\/\"},{\"@type\":\"ListItem\",\"position\":2,\"name\":\"Produkte\",\"item\":\"https:\/\/nordvlies.de\/produkte\/\"},{\"@type\":\"ListItem\",\"position\":3,\"name\":\"CHICOPEE\"}]},{\"@type\":\"WebSite\",\"@id\":\"https:\/\/nordvlies.de\/#website\",\"url\":\"https:\/\/nordvlies.de\/\",\"name\":\"Nordvlies\",\"description\":\"\",\"potentialAction\":[{\"@type\":\"SearchAction\",\"target\":{\"@type\":\"EntryPoint\",\"urlTemplate\":\"https:\/\/nordvlies.de\/?s={search_term_string}\"},\"query-input\":{\"@type\":\"PropertyValueSpecification\",\"valueRequired\":true,\"valueName\":\"search_term_string\"}}],\"inLanguage\":\"en-US\"}]}<\/script>\n<!-- \/ Yoast SEO plugin. -->","yoast_head_json":{"title":"Chicopee | Nordvlies Hygiene","description":"Die Reinigungst\u00fccher von Chicopee sind die Spezialisten wenn es um hohen Hygienestandard oder um besondere Anforderungen geht. Das Sortiment umfasst u.a. Sp\u00fclt\u00fccher f\u00fcr den Einsatz in den Bereichen Hotel, Gastronomie und Catering.","robots":{"index":"index","follow":"follow","max-snippet":"max-snippet:-1","max-image-preview":"max-image-preview:large","max-video-preview":"max-video-preview:-1"},"canonical":"https:\/\/nordvlies.de\/en\/produkte\/chicopee\/","og_locale":"en_US","og_type":"article","og_title":"Chicopee | Nordvlies Hygiene","og_description":"Die Reinigungst\u00fccher von Chicopee sind die Spezialisten wenn es um hohen Hygienestandard oder um besondere Anforderungen geht. Das Sortiment umfasst u.a. Sp\u00fclt\u00fccher f\u00fcr den Einsatz in den Bereichen Hotel, Gastronomie und Catering.","og_url":"https:\/\/nordvlies.de\/en\/produkte\/chicopee\/","og_site_name":"Nordvlies","article_modified_time":"2018-04-11T21:23:52+00:00","twitter_card":"summary_large_image","twitter_misc":{"Est. reading time":"1 minute"},"schema":{"@context":"https:\/\/schema.org","@graph":[{"@type":"WebPage","@id":"https:\/\/nordvlies.de\/produkte\/chicopee\/","url":"https:\/\/nordvlies.de\/produkte\/chicopee\/","name":"Chicopee | Nordvlies Hygiene","isPartOf":{"@id":"https:\/\/nordvlies.de\/#website"},"datePublished":"2018-02-25T19:16:34+00:00","dateModified":"2018-04-11T21:23:52+00:00","description":"Die Reinigungst\u00fccher von Chicopee sind die Spezialisten wenn es um hohen Hygienestandard oder um besondere Anforderungen geht. Das Sortiment umfasst u.a. Sp\u00fclt\u00fccher f\u00fcr den Einsatz in den Bereichen Hotel, Gastronomie und Catering.","breadcrumb":{"@id":"https:\/\/nordvlies.de\/produkte\/chicopee\/#breadcrumb"},"inLanguage":"en-US","potentialAction":[{"@type":"ReadAction","target":["https:\/\/nordvlies.de\/produkte\/chicopee\/"]}]},{"@type":"BreadcrumbList","@id":"https:\/\/nordvlies.de\/produkte\/chicopee\/#breadcrumb","itemListElement":[{"@type":"ListItem","position":1,"name":"Startseite","item":"https:\/\/nordvlies.de\/"},{"@type":"ListItem","position":2,"name":"Produkte","item":"https:\/\/nordvlies.de\/produkte\/"},{"@type":"ListItem","position":3,"name":"CHICOPEE"}]},{"@type":"WebSite","@id":"https:\/\/nordvlies.de\/#website","url":"https:\/\/nordvlies.de\/","name":"Nordvlies","description":"","potentialAction":[{"@type":"SearchAction","target":{"@type":"EntryPoint","urlTemplate":"https:\/\/nordvlies.de\/?s={search_term_string}"},"query-input":{"@type":"PropertyValueSpecification","valueRequired":true,"valueName":"search_term_string"}}],"inLanguage":"en-US"}]}},"_links":{"self":[{"href":"https:\/\/nordvlies.de\/en\/wp-json\/wp\/v2\/pages\/1587","targetHints":{"allow":["GET"]}}],"collection":[{"href":"https:\/\/nordvlies.de\/en\/wp-json\/wp\/v2\/pages"}],"about":[{"href":"https:\/\/nordvlies.de\/en\/wp-json\/wp\/v2\/types\/page"}],"author":[{"embeddable":true,"href":"https:\/\/nordvlies.de\/en\/wp-json\/wp\/v2\/users\/1"}],"replies":[{"embeddable":true,"href":"https:\/\/nordvlies.de\/en\/wp-json\/wp\/v2\/comments?post=1587"}],"version-history":[{"count":0,"href":"https:\/\/nordvlies.de\/en\/wp-json\/wp\/v2\/pages\/1587\/revisions"}],"up":[{"embeddable":true,"href":"https:\/\/nordvlies.de\/en\/wp-json\/wp\/v2\/pages\/1406"}],"wp:attachment":[{"href":"https:\/\/nordvlies.de\/en\/wp-json\/wp\/v2\/media?parent=1587"}],"curies":[{"name":"wp","href":"https:\/\/api.w.org\/{rel}","templated":true}]}}