{"id":1605,"date":"2018-02-25T20:25:52","date_gmt":"2018-02-25T19:25:52","guid":{"rendered":"http:\/\/nordvlies.de\/?page_id=1605"},"modified":"2018-04-11T23:28:30","modified_gmt":"2018-04-11T21:28:30","slug":"eversoak","status":"publish","type":"page","link":"https:\/\/nordvlies.de\/en\/produkte\/eversoak\/","title":{"rendered":"EVERSOAK"},"content":{"rendered":"<div class=\"wpb-content-wrapper\"><div class=\"vc_row wpb_row vc_row-fluid dt-default\" style=\"margin-top: 0px;margin-bottom: 0px\"><div class=\"wpb_column vc_column_container vc_col-sm-8\"><div class=\"vc_column-inner\"><div class=\"wpb_wrapper\">\n\t<div class=\"wpb_text_column wpb_content_element\" >\n\t\t<div class=\"wpb_wrapper\">\n\t\t\t<h3><strong>EVERSOAK<\/strong> \u00a0...innovation inclusive.<\/h3>\n<p>Also not to be ignored in the Nordvlies product range is the innovative product for industrial applications \u2013 EVERSOAK. This extremely absorbent, economical and fire-retardant fibre material is in its place everywhere where fluid substances (oils, coolants, lubricants and solvents) are removed from floors or other surfaces. It can be supplied cut (pads), in perforated rolls and as container covers. The many-layered material (10mm thick, approx.. 580 g\/m \u00b2) is extremely absorbent (1.5 L per pad) and \u201calso completely retains the removed liquid\u201d.<\/p>\n\n\t\t<\/div>\n\t<\/div>\n<\/div><\/div><\/div><div class=\"wpb_column vc_column_container vc_col-sm-4\"><div class=\"vc_column-inner\"><div class=\"wpb_wrapper\"><div class=\"vc_empty_space\"   style=\"height: 50px\"><span class=\"vc_empty_space_inner\"><\/span><\/div>\n\t<div  class=\"wpb_single_image wpb_content_element vc_align_center\">\n\t\t\n\t\t<figure class=\"wpb_wrapper vc_figure\">\n\t\t\t<div class=\"vc_single_image-wrapper   vc_box_border_grey\"><img loading=\"lazy\" decoding=\"async\" width=\"300\" height=\"56\" src=\"https:\/\/nordvlies.de\/wp-content\/uploads\/2018\/03\/eversoaklogo.gif\" class=\"vc_single_image-img attachment-large\" alt=\"\" title=\"eversoaklogo\"  data-dt-location=\"https:\/\/nordvlies.de\/en\/produkte\/eversoak\/eversoaklogo\/\" \/><\/div>\n\t\t<\/figure>\n\t<\/div>\n<\/div><\/div><\/div><\/div><div class=\"vc_row wpb_row vc_row-fluid dt-default\" style=\"margin-top: 0px;margin-bottom: 0px\"><div class=\"wpb_column vc_column_container vc_col-sm-12\"><div class=\"vc_column-inner\"><div class=\"wpb_wrapper\"><div class=\"vc_empty_space\"   style=\"height: 50px\"><span class=\"vc_empty_space_inner\"><\/span><\/div><\/div><\/div><\/div><\/div>\n<\/div>","protected":false},"excerpt":{"rendered":"EVERSOAK ...innovation included. The innovative product for industrial applications - EVERSOAK - has become indispensable in the NORDVLIES product range. Wherever liquid substances (oil, coolants, lubricants and solvents) are to be absorbed from floors or other surfaces, this extremely absorbent, economical and fire-retardant fleece material is on hand. It is available in cuts (pads), perforated\u2026","protected":false},"author":1,"featured_media":0,"parent":1406,"menu_order":8,"comment_status":"closed","ping_status":"closed","template":"","meta":[],"class_list":["post-1605","page","type-page","status-publish","hentry","description-off"],"yoast_head":"<!-- This site is optimized with the Yoast SEO plugin v26.4 - https:\/\/yoast.com\/wordpress\/plugins\/seo\/ -->\n<title>Eversoak | Nordvlies Hygiene<\/title>\n<meta name=\"description\" content=\"Eversoak - \u00dcberall dort, wo fl\u00fcssige Stoffe (\u00e0\u2013le, K\u00fchl-, Schmier- und L\u00f6semittel) von B\u00f6den oder anderen Fl\u00e4chen aufgenommen werden sollen, ist dieses \u00fcberaus saugstarke, wirtschaftliche und feuerhemmende Vliesmaterial zur Stelle.\" \/>\n<meta name=\"robots\" content=\"index, follow, max-snippet:-1, max-image-preview:large, max-video-preview:-1\" \/>\n<link rel=\"canonical\" href=\"https:\/\/nordvlies.de\/en\/produkte\/eversoak\/\" \/>\n<meta property=\"og:locale\" content=\"en_US\" \/>\n<meta property=\"og:type\" content=\"article\" \/>\n<meta property=\"og:title\" content=\"Eversoak | Nordvlies Hygiene\" \/>\n<meta property=\"og:description\" content=\"Eversoak - \u00dcberall dort, wo fl\u00fcssige Stoffe (\u00e0\u2013le, K\u00fchl-, Schmier- und L\u00f6semittel) von B\u00f6den oder anderen Fl\u00e4chen aufgenommen werden sollen, ist dieses \u00fcberaus saugstarke, wirtschaftliche und feuerhemmende Vliesmaterial zur Stelle.\" \/>\n<meta property=\"og:url\" content=\"https:\/\/nordvlies.de\/en\/produkte\/eversoak\/\" \/>\n<meta property=\"og:site_name\" content=\"Nordvlies\" \/>\n<meta property=\"article:modified_time\" content=\"2018-04-11T21:28:30+00:00\" \/>\n<meta name=\"twitter:card\" content=\"summary_large_image\" \/>\n<meta name=\"twitter:label1\" content=\"Est. reading time\" \/>\n\t<meta name=\"twitter:data1\" content=\"1 minute\" \/>\n<script type=\"application\/ld+json\" class=\"yoast-schema-graph\">{\"@context\":\"https:\/\/schema.org\",\"@graph\":[{\"@type\":\"WebPage\",\"@id\":\"https:\/\/nordvlies.de\/produkte\/eversoak\/\",\"url\":\"https:\/\/nordvlies.de\/produkte\/eversoak\/\",\"name\":\"Eversoak | Nordvlies Hygiene\",\"isPartOf\":{\"@id\":\"https:\/\/nordvlies.de\/#website\"},\"datePublished\":\"2018-02-25T19:25:52+00:00\",\"dateModified\":\"2018-04-11T21:28:30+00:00\",\"description\":\"Eversoak - \u00dcberall dort, wo fl\u00fcssige Stoffe (\u00e0\u2013le, K\u00fchl-, Schmier- und L\u00f6semittel) von B\u00f6den oder anderen Fl\u00e4chen aufgenommen werden sollen, ist dieses \u00fcberaus saugstarke, wirtschaftliche und feuerhemmende Vliesmaterial zur Stelle.\",\"breadcrumb\":{\"@id\":\"https:\/\/nordvlies.de\/produkte\/eversoak\/#breadcrumb\"},\"inLanguage\":\"en-US\",\"potentialAction\":[{\"@type\":\"ReadAction\",\"target\":[\"https:\/\/nordvlies.de\/produkte\/eversoak\/\"]}]},{\"@type\":\"BreadcrumbList\",\"@id\":\"https:\/\/nordvlies.de\/produkte\/eversoak\/#breadcrumb\",\"itemListElement\":[{\"@type\":\"ListItem\",\"position\":1,\"name\":\"Startseite\",\"item\":\"https:\/\/nordvlies.de\/\"},{\"@type\":\"ListItem\",\"position\":2,\"name\":\"Produkte\",\"item\":\"https:\/\/nordvlies.de\/produkte\/\"},{\"@type\":\"ListItem\",\"position\":3,\"name\":\"EVERSOAK\"}]},{\"@type\":\"WebSite\",\"@id\":\"https:\/\/nordvlies.de\/#website\",\"url\":\"https:\/\/nordvlies.de\/\",\"name\":\"Nordvlies\",\"description\":\"\",\"potentialAction\":[{\"@type\":\"SearchAction\",\"target\":{\"@type\":\"EntryPoint\",\"urlTemplate\":\"https:\/\/nordvlies.de\/?s={search_term_string}\"},\"query-input\":{\"@type\":\"PropertyValueSpecification\",\"valueRequired\":true,\"valueName\":\"search_term_string\"}}],\"inLanguage\":\"en-US\"}]}<\/script>\n<!-- \/ Yoast SEO plugin. -->","yoast_head_json":{"title":"Eversoak | Nordvlies Hygiene","description":"Eversoak - \u00dcberall dort, wo fl\u00fcssige Stoffe (\u00e0\u2013le, K\u00fchl-, Schmier- und L\u00f6semittel) von B\u00f6den oder anderen Fl\u00e4chen aufgenommen werden sollen, ist dieses \u00fcberaus saugstarke, wirtschaftliche und feuerhemmende Vliesmaterial zur Stelle.","robots":{"index":"index","follow":"follow","max-snippet":"max-snippet:-1","max-image-preview":"max-image-preview:large","max-video-preview":"max-video-preview:-1"},"canonical":"https:\/\/nordvlies.de\/en\/produkte\/eversoak\/","og_locale":"en_US","og_type":"article","og_title":"Eversoak | Nordvlies Hygiene","og_description":"Eversoak - \u00dcberall dort, wo fl\u00fcssige Stoffe (\u00e0\u2013le, K\u00fchl-, Schmier- und L\u00f6semittel) von B\u00f6den oder anderen Fl\u00e4chen aufgenommen werden sollen, ist dieses \u00fcberaus saugstarke, wirtschaftliche und feuerhemmende Vliesmaterial zur Stelle.","og_url":"https:\/\/nordvlies.de\/en\/produkte\/eversoak\/","og_site_name":"Nordvlies","article_modified_time":"2018-04-11T21:28:30+00:00","twitter_card":"summary_large_image","twitter_misc":{"Est. reading time":"1 minute"},"schema":{"@context":"https:\/\/schema.org","@graph":[{"@type":"WebPage","@id":"https:\/\/nordvlies.de\/produkte\/eversoak\/","url":"https:\/\/nordvlies.de\/produkte\/eversoak\/","name":"Eversoak | Nordvlies Hygiene","isPartOf":{"@id":"https:\/\/nordvlies.de\/#website"},"datePublished":"2018-02-25T19:25:52+00:00","dateModified":"2018-04-11T21:28:30+00:00","description":"Eversoak - \u00dcberall dort, wo fl\u00fcssige Stoffe (\u00e0\u2013le, K\u00fchl-, Schmier- und L\u00f6semittel) von B\u00f6den oder anderen Fl\u00e4chen aufgenommen werden sollen, ist dieses \u00fcberaus saugstarke, wirtschaftliche und feuerhemmende Vliesmaterial zur Stelle.","breadcrumb":{"@id":"https:\/\/nordvlies.de\/produkte\/eversoak\/#breadcrumb"},"inLanguage":"en-US","potentialAction":[{"@type":"ReadAction","target":["https:\/\/nordvlies.de\/produkte\/eversoak\/"]}]},{"@type":"BreadcrumbList","@id":"https:\/\/nordvlies.de\/produkte\/eversoak\/#breadcrumb","itemListElement":[{"@type":"ListItem","position":1,"name":"Startseite","item":"https:\/\/nordvlies.de\/"},{"@type":"ListItem","position":2,"name":"Produkte","item":"https:\/\/nordvlies.de\/produkte\/"},{"@type":"ListItem","position":3,"name":"EVERSOAK"}]},{"@type":"WebSite","@id":"https:\/\/nordvlies.de\/#website","url":"https:\/\/nordvlies.de\/","name":"Nordvlies","description":"","potentialAction":[{"@type":"SearchAction","target":{"@type":"EntryPoint","urlTemplate":"https:\/\/nordvlies.de\/?s={search_term_string}"},"query-input":{"@type":"PropertyValueSpecification","valueRequired":true,"valueName":"search_term_string"}}],"inLanguage":"en-US"}]}},"_links":{"self":[{"href":"https:\/\/nordvlies.de\/en\/wp-json\/wp\/v2\/pages\/1605","targetHints":{"allow":["GET"]}}],"collection":[{"href":"https:\/\/nordvlies.de\/en\/wp-json\/wp\/v2\/pages"}],"about":[{"href":"https:\/\/nordvlies.de\/en\/wp-json\/wp\/v2\/types\/page"}],"author":[{"embeddable":true,"href":"https:\/\/nordvlies.de\/en\/wp-json\/wp\/v2\/users\/1"}],"replies":[{"embeddable":true,"href":"https:\/\/nordvlies.de\/en\/wp-json\/wp\/v2\/comments?post=1605"}],"version-history":[{"count":0,"href":"https:\/\/nordvlies.de\/en\/wp-json\/wp\/v2\/pages\/1605\/revisions"}],"up":[{"embeddable":true,"href":"https:\/\/nordvlies.de\/en\/wp-json\/wp\/v2\/pages\/1406"}],"wp:attachment":[{"href":"https:\/\/nordvlies.de\/en\/wp-json\/wp\/v2\/media?parent=1605"}],"curies":[{"name":"wp","href":"https:\/\/api.w.org\/{rel}","templated":true}]}}