{"id":3358,"date":"2025-01-30T20:13:19","date_gmt":"2025-01-30T19:13:19","guid":{"rendered":"https:\/\/nordvlies.de\/?page_id=3358"},"modified":"2025-02-03T11:09:05","modified_gmt":"2025-02-03T10:09:05","slug":"wipex-spezial-blau","status":"publish","type":"page","link":"https:\/\/nordvlies.de\/en\/wipex-spezial-blau\/","title":{"rendered":"WIPEX \u00ae Spezial blau"},"content":{"rendered":"<div class=\"wpb-content-wrapper\"><div class=\"vc_row wpb_row vc_row-fluid dt-default\" style=\"margin-top: 0px;margin-bottom: 0px\"><div class=\"wpb_column vc_column_container vc_col-sm-8\"><div class=\"vc_column-inner\"><div class=\"wpb_wrapper\"><div class=\"vc_row wpb_row vc_inner vc_row-fluid\"><div class=\"wpb_column vc_column_container vc_col-sm-6\"><div class=\"vc_column-inner\"><div class=\"wpb_wrapper\">\n\t<div class=\"wpb_text_column wpb_content_element\" >\n\t\t<div class=\"wpb_wrapper\">\n\t\t\t<h1><b>WIPEX \u00ae special blue<\/b><\/h1>\n<p>&nbsp;<\/p>\n<h4>The economical cleaning and wiping cloth for the food industry.<br \/>\nCertificate: ISEGA<\/h4>\n<p>&nbsp;<\/p>\n<p><strong>Main fields of application:<br \/>\n<\/strong>Food industry, industrial kitchen \/ catering, hotels \/ restaurants, healthcare \/ building cleaning<strong><br \/>\n<\/strong><\/p>\n<p>&nbsp;<\/p>\n<ul>\n<li>100% viscose fleece with textile character<\/li>\n<li>Biodegradable, recyclable<\/li>\n<li>Tear-resistant, wet tear-resistant, colorfast<\/li>\n<li>Wringable, therefore reusable<\/li>\n<li>Solvent-resistant, low-lint<\/li>\n<li>Perforated, making it ideal for picking up coarse and solid components<\/li>\n<\/ul>\n\n\t\t<\/div>\n\t<\/div>\n<\/div><\/div><\/div><div class=\"wpb_column vc_column_container vc_col-sm-6\"><div class=\"vc_column-inner\"><div class=\"wpb_wrapper\">\n\t<div  class=\"wpb_single_image wpb_content_element vc_align_left\">\n\t\t\n\t\t<figure class=\"wpb_wrapper vc_figure\">\n\t\t\t<div class=\"vc_single_image-wrapper   vc_box_border_grey\"><img loading=\"lazy\" decoding=\"async\" width=\"3188\" height=\"2986\" src=\"https:\/\/nordvlies.de\/wp-content\/uploads\/2025\/01\/wipex-spezial-blau.png\" class=\"vc_single_image-img attachment-full\" alt=\"\" title=\"wipex-spezial-blau\" srcset=\"https:\/\/nordvlies.de\/wp-content\/uploads\/2025\/01\/wipex-spezial-blau.png 3188w, https:\/\/nordvlies.de\/wp-content\/uploads\/2025\/01\/wipex-spezial-blau-300x281.png 300w, https:\/\/nordvlies.de\/wp-content\/uploads\/2025\/01\/wipex-spezial-blau-1024x959.png 1024w, https:\/\/nordvlies.de\/wp-content\/uploads\/2025\/01\/wipex-spezial-blau-768x719.png 768w, https:\/\/nordvlies.de\/wp-content\/uploads\/2025\/01\/wipex-spezial-blau-1536x1439.png 1536w, https:\/\/nordvlies.de\/wp-content\/uploads\/2025\/01\/wipex-spezial-blau-2048x1918.png 2048w, https:\/\/nordvlies.de\/wp-content\/uploads\/2025\/01\/wipex-spezial-blau-13x12.png 13w\" sizes=\"auto, (max-width: 3188px) 100vw, 3188px\"  data-dt-location=\"https:\/\/nordvlies.de\/en\/wipex-spezial-blau\/wipex-spezial-blau-2\/\" \/><\/div>\n\t\t<\/figure>\n\t<\/div>\n<\/div><\/div><\/div><\/div><div class=\"vc_empty_space\"   style=\"height: 32px\"><span class=\"vc_empty_space_inner\"><\/span><\/div>\n\t<div class=\"wpb_text_column wpb_content_element\" >\n\t\t<div class=\"wpb_wrapper\">\n\t\t\t\n<table id=\"tablepress-33\" class=\"tablepress tablepress-id-33\">\n<thead>\n<tr class=\"row-1\">\n\t<th class=\"column-1\">Art.No.<\/th><th class=\"column-2\">Article<\/th><th class=\"column-3\">Dimension<\/th><th class=\"column-4\">Packing Unit<\/th><th class=\"column-5\">Palette<\/th>\n<\/tr>\n<\/thead>\n<tbody class=\"row-striping row-hover\">\n<tr class=\"row-2\">\n\t<td class=\"column-1\">150434BL<\/td><td class=\"column-2\">WIPEX \u00ae special blue<br \/>\n<\/td><td class=\"column-3\">approx. 30 x 34 cm, wet strength, 65 g\/m\u00b2<\/td><td class=\"column-4\">10 x 40 wipes<\/td><td class=\"column-5\">56 boxes<\/td>\n<\/tr>\n<tr class=\"row-3\">\n\t<td class=\"column-1\">250435BL<\/td><td class=\"column-2\">WIPEX \u00ae special blue<br \/>\n<\/td><td class=\"column-3\">approx. 30 x 35 cm, wet strength, 65 g\/m\u00b2<\/td><td class=\"column-4\">1 roll of 400 wipes<\/td><td class=\"column-5\">72 VE pro Palette<\/td>\n<\/tr>\n<tr class=\"row-4\">\n\t<td class=\"column-1\"><\/td><td class=\"column-2\"><\/td><td class=\"column-3\"><\/td><td class=\"column-4\"><\/td><td class=\"column-5\"><\/td>\n<\/tr>\n<\/tbody>\n<\/table>\n<!-- #tablepress-33 from cache -->\n\n\t\t<\/div>\n\t<\/div>\n<\/div><\/div><\/div><div class=\"wpb_column vc_column_container vc_col-sm-4\"><div class=\"vc_column-inner\"><div class=\"wpb_wrapper\"><div  class=\"vc_wp_custommenu wpb_content_element\"><div class=\"widget widget_nav_menu\"><div class=\"menu-produkte-container\"><ul id=\"menu-produkte\" class=\"menu\"><li id=\"menu-item-1672\" class=\"menu-item menu-item-type-post_type menu-item-object-page menu-item-1672\"><a href=\"https:\/\/nordvlies.de\/en\/produkte\/wipex\/wipex-putzpapiere\/\">WIPEX \u00ae Cleaning papers<\/a><\/li>\n<li id=\"menu-item-1662\" class=\"menu-item menu-item-type-post_type menu-item-object-page menu-item-1662\"><a href=\"https:\/\/nordvlies.de\/en\/produkte\/wipex\/wipex-airlaid-mars\/\">WIPEX \u00ae AIRLAID MARS<\/a><\/li>\n<li id=\"menu-item-1663\" class=\"menu-item menu-item-type-post_type menu-item-object-page menu-item-1663\"><a href=\"https:\/\/nordvlies.de\/en\/produkte\/wipex\/wipex-airlaid-mb\/\">WIPEX \u00ae AIRLAID MB<\/a><\/li>\n<li id=\"menu-item-1674\" class=\"menu-item menu-item-type-post_type menu-item-object-page menu-item-1674\"><a href=\"https:\/\/nordvlies.de\/en\/produkte\/wipex\/wipex-soft\/\">WIPEX \u00ae SOFT<\/a><\/li>\n<li id=\"menu-item-1667\" class=\"menu-item menu-item-type-post_type menu-item-object-page menu-item-1667\"><a href=\"https:\/\/nordvlies.de\/en\/produkte\/wipex\/wipex-fullpower\/\">WIPEX \u00ae FULLPOWER<\/a><\/li>\n<li id=\"menu-item-1673\" class=\"menu-item menu-item-type-post_type menu-item-object-page menu-item-1673\"><a href=\"https:\/\/nordvlies.de\/en\/produkte\/wipex\/wipex-sensitiv\/\">WIPEX \u00ae SENSITIVE<\/a><\/li>\n<li id=\"menu-item-1675\" class=\"menu-item menu-item-type-post_type menu-item-object-page menu-item-1675\"><a href=\"https:\/\/nordvlies.de\/en\/produkte\/wipex\/wipex-spezial\/\">WIPEX \u00ae SPEZIAL<\/a><\/li>\n<li id=\"menu-item-1665\" class=\"menu-item menu-item-type-post_type menu-item-object-page menu-item-1665\"><a href=\"https:\/\/nordvlies.de\/en\/produkte\/wipex\/wipex-cleanzie\/\">WIPEX \u00ae CLEANZIE<\/a><\/li>\n<li id=\"menu-item-1676\" class=\"menu-item menu-item-type-post_type menu-item-object-page menu-item-1676\"><a href=\"https:\/\/nordvlies.de\/en\/produkte\/wipex\/wipex-star\/\">WIPEX \u00ae STAR<\/a><\/li>\n<li id=\"menu-item-1670\" class=\"menu-item menu-item-type-post_type menu-item-object-page menu-item-1670\"><a href=\"https:\/\/nordvlies.de\/en\/produkte\/wipex\/wipex-mikrofaser-tuecher-vliesstoff\/\">WIPEX \u00ae MICROFIBRE wipes<\/a><\/li>\n<li id=\"menu-item-1669\" class=\"menu-item menu-item-type-post_type menu-item-object-page menu-item-1669\"><a href=\"https:\/\/nordvlies.de\/en\/produkte\/wipex\/wipex-mikrofaser-produkte-textil\/\">WIPEX \u00ae MICROFIBRE products<\/a><\/li>\n<li id=\"menu-item-3201\" class=\"menu-item menu-item-type-post_type menu-item-object-page menu-item-3201\"><a href=\"https:\/\/nordvlies.de\/en\/wipex-wipers\/\">WIPEX \u00ae WIPERS P60<\/a><\/li>\n<li id=\"menu-item-1682\" class=\"menu-item menu-item-type-post_type menu-item-object-page menu-item-1682\"><a href=\"https:\/\/nordvlies.de\/en\/produkte\/wipex\/wipex-work\/\">WIPEX \u00ae WORK<\/a><\/li>\n<li id=\"menu-item-1679\" class=\"menu-item menu-item-type-post_type menu-item-object-page menu-item-1679\"><a href=\"https:\/\/nordvlies.de\/en\/produkte\/wipex\/wipex-wet\/\">WIPEX \u00ae WET<\/a><\/li>\n<li id=\"menu-item-1680\" class=\"menu-item menu-item-type-post_type menu-item-object-page menu-item-1680\"><a href=\"https:\/\/nordvlies.de\/en\/produkte\/wipex\/wipex-wet-desi\/\">WIPEX \u00ae WET DESI<\/a><\/li>\n<li id=\"menu-item-1681\" class=\"menu-item menu-item-type-post_type menu-item-object-page menu-item-1681\"><a href=\"https:\/\/nordvlies.de\/en\/produkte\/wipex\/wipex-wet-hand-tool\/\">WIPEX \u00ae WET Hand &amp; Tool<\/a><\/li>\n<li id=\"menu-item-1678\" class=\"menu-item menu-item-type-post_type menu-item-object-page menu-item-1678\"><a href=\"https:\/\/nordvlies.de\/en\/produkte\/wipex\/wipex-supreme\/\">WIPEX \u00ae SUPREME<\/a><\/li>\n<li id=\"menu-item-1666\" class=\"menu-item menu-item-type-post_type menu-item-object-page menu-item-1666\"><a href=\"https:\/\/nordvlies.de\/en\/produkte\/wipex\/wipex-fsw-spezial\/\">WIPEX \u00ae FSW Special<\/a><\/li>\n<li id=\"menu-item-1671\" class=\"menu-item menu-item-type-post_type menu-item-object-page menu-item-1671\"><a href=\"https:\/\/nordvlies.de\/en\/produkte\/wipex\/wipex-pofessionell\/\">WIPEX \u00ae PoFessional<\/a><\/li>\n<li id=\"menu-item-1668\" class=\"menu-item menu-item-type-post_type menu-item-object-page menu-item-1668\"><a href=\"https:\/\/nordvlies.de\/en\/produkte\/wipex\/wipex-handtuchrolle\/\">WIPEX \u00ae towel rolls<\/a><\/li>\n<li id=\"menu-item-1683\" class=\"menu-item menu-item-type-post_type menu-item-object-page menu-item-1683\"><a href=\"https:\/\/nordvlies.de\/en\/produkte\/wipex\/wipex-z-falthandtuecher\/\">WIPEX \u00ae Z-Folded paper towels<\/a><\/li>\n<li id=\"menu-item-2190\" class=\"menu-item menu-item-type-post_type menu-item-object-page menu-item-2190\"><a href=\"https:\/\/nordvlies.de\/en\/produkte\/wipex\/wipex-hygiene-towel\/\">WIPEX \u00ae hygiene towel<\/a><\/li>\n<li id=\"menu-item-2199\" class=\"menu-item menu-item-type-post_type menu-item-object-page menu-item-2199\"><a href=\"https:\/\/nordvlies.de\/en\/produkte\/wipex\/wipex-tolle-rolle\/\">WIPEX \u00ae GREAT ROLL<\/a><\/li>\n<li id=\"menu-item-3367\" class=\"menu-item menu-item-type-post_type menu-item-object-page menu-item-3367\"><a href=\"https:\/\/nordvlies.de\/en\/wipex-spezial-blau\/\">WIPEX \u00ae special blue<\/a><\/li>\n<li id=\"menu-item-3391\" class=\"menu-item menu-item-type-post_type menu-item-object-page menu-item-3391\"><a href=\"https:\/\/nordvlies.de\/en\/wipex-super-care\/\">WIPEX \u00ae SUPER CARE<\/a><\/li>\n<li id=\"menu-item-3419\" class=\"menu-item menu-item-type-post_type menu-item-object-page menu-item-3419\"><a href=\"https:\/\/nordvlies.de\/en\/wipex-wet-wash-gloves\/\">WIPEX \u00ae WET WASH GLOVES<\/a><\/li>\n<\/ul><\/div><\/div><\/div><\/div><\/div><\/div><\/div>\n<\/div>","protected":false},"excerpt":{"rendered":"WIPEX \u00ae Spezial blau &nbsp; Das wirtschaftliche Reinigungs- und Wischtuch f\u00fcr die Lebensmittelindustrie. Zertifikat: ISEGA &nbsp; Haupteinsatzgebiete: Lebensmittelindustrie, Industriek\u00fcche \/ Catering, Hotels \/ Restaurant, Gesundheitswesen \/ Geb\u00e4udereinigung &nbsp; 100% Viskosevlies mit Textilcharakter Biologisch abbaubar, recyclingf\u00e4hig Rei\u00dffest, nassrei\u00dffest, farbecht Auswringbar, daher mehrfach verwendbar L\u00f6sungsmittelbest\u00e4ndig, fusselarm Gelocht, dadurch ideal zum Aufnehmen grober und fester Bestandteile Art.-Nr.ArtikelTuchgr\u00f6\u00dfeVerpackungPalette 150434BLWIPEX&hellip;","protected":false},"author":1,"featured_media":0,"parent":0,"menu_order":0,"comment_status":"closed","ping_status":"closed","template":"","meta":[],"class_list":["post-3358","page","type-page","status-publish","hentry","description-off"],"yoast_head":"<!-- This site is optimized with the Yoast SEO plugin v26.4 - https:\/\/yoast.com\/wordpress\/plugins\/seo\/ -->\n<title>WIPEX Spezial blau - Nordvlies<\/title>\n<meta name=\"robots\" content=\"index, follow, max-snippet:-1, max-image-preview:large, max-video-preview:-1\" \/>\n<link rel=\"canonical\" href=\"https:\/\/nordvlies.de\/en\/wipex-spezial-blau\/\" \/>\n<meta property=\"og:locale\" content=\"en_US\" \/>\n<meta property=\"og:type\" content=\"article\" \/>\n<meta property=\"og:title\" content=\"WIPEX Spezial blau - Nordvlies\" \/>\n<meta property=\"og:url\" content=\"https:\/\/nordvlies.de\/en\/wipex-spezial-blau\/\" \/>\n<meta property=\"og:site_name\" content=\"Nordvlies\" \/>\n<meta property=\"article:modified_time\" content=\"2025-02-03T10:09:05+00:00\" \/>\n<meta name=\"twitter:card\" content=\"summary_large_image\" \/>\n<meta name=\"twitter:label1\" content=\"Est. reading time\" \/>\n\t<meta name=\"twitter:data1\" content=\"1 minute\" \/>\n<script type=\"application\/ld+json\" class=\"yoast-schema-graph\">{\"@context\":\"https:\/\/schema.org\",\"@graph\":[{\"@type\":\"WebPage\",\"@id\":\"https:\/\/nordvlies.de\/wipex-spezial-blau\/\",\"url\":\"https:\/\/nordvlies.de\/wipex-spezial-blau\/\",\"name\":\"WIPEX Spezial blau - Nordvlies\",\"isPartOf\":{\"@id\":\"https:\/\/nordvlies.de\/#website\"},\"datePublished\":\"2025-01-30T19:13:19+00:00\",\"dateModified\":\"2025-02-03T10:09:05+00:00\",\"breadcrumb\":{\"@id\":\"https:\/\/nordvlies.de\/wipex-spezial-blau\/#breadcrumb\"},\"inLanguage\":\"en-US\",\"potentialAction\":[{\"@type\":\"ReadAction\",\"target\":[\"https:\/\/nordvlies.de\/wipex-spezial-blau\/\"]}]},{\"@type\":\"BreadcrumbList\",\"@id\":\"https:\/\/nordvlies.de\/wipex-spezial-blau\/#breadcrumb\",\"itemListElement\":[{\"@type\":\"ListItem\",\"position\":1,\"name\":\"Startseite\",\"item\":\"https:\/\/nordvlies.de\/\"},{\"@type\":\"ListItem\",\"position\":2,\"name\":\"WIPEX Spezial blau\"}]},{\"@type\":\"WebSite\",\"@id\":\"https:\/\/nordvlies.de\/#website\",\"url\":\"https:\/\/nordvlies.de\/\",\"name\":\"Nordvlies\",\"description\":\"\",\"potentialAction\":[{\"@type\":\"SearchAction\",\"target\":{\"@type\":\"EntryPoint\",\"urlTemplate\":\"https:\/\/nordvlies.de\/?s={search_term_string}\"},\"query-input\":{\"@type\":\"PropertyValueSpecification\",\"valueRequired\":true,\"valueName\":\"search_term_string\"}}],\"inLanguage\":\"en-US\"}]}<\/script>\n<!-- \/ Yoast SEO plugin. -->","yoast_head_json":{"title":"WIPEX Spezial blau - Nordvlies","robots":{"index":"index","follow":"follow","max-snippet":"max-snippet:-1","max-image-preview":"max-image-preview:large","max-video-preview":"max-video-preview:-1"},"canonical":"https:\/\/nordvlies.de\/en\/wipex-spezial-blau\/","og_locale":"en_US","og_type":"article","og_title":"WIPEX Spezial blau - Nordvlies","og_url":"https:\/\/nordvlies.de\/en\/wipex-spezial-blau\/","og_site_name":"Nordvlies","article_modified_time":"2025-02-03T10:09:05+00:00","twitter_card":"summary_large_image","twitter_misc":{"Est. reading time":"1 minute"},"schema":{"@context":"https:\/\/schema.org","@graph":[{"@type":"WebPage","@id":"https:\/\/nordvlies.de\/wipex-spezial-blau\/","url":"https:\/\/nordvlies.de\/wipex-spezial-blau\/","name":"WIPEX Spezial blau - Nordvlies","isPartOf":{"@id":"https:\/\/nordvlies.de\/#website"},"datePublished":"2025-01-30T19:13:19+00:00","dateModified":"2025-02-03T10:09:05+00:00","breadcrumb":{"@id":"https:\/\/nordvlies.de\/wipex-spezial-blau\/#breadcrumb"},"inLanguage":"en-US","potentialAction":[{"@type":"ReadAction","target":["https:\/\/nordvlies.de\/wipex-spezial-blau\/"]}]},{"@type":"BreadcrumbList","@id":"https:\/\/nordvlies.de\/wipex-spezial-blau\/#breadcrumb","itemListElement":[{"@type":"ListItem","position":1,"name":"Startseite","item":"https:\/\/nordvlies.de\/"},{"@type":"ListItem","position":2,"name":"WIPEX Spezial blau"}]},{"@type":"WebSite","@id":"https:\/\/nordvlies.de\/#website","url":"https:\/\/nordvlies.de\/","name":"Nordvlies","description":"","potentialAction":[{"@type":"SearchAction","target":{"@type":"EntryPoint","urlTemplate":"https:\/\/nordvlies.de\/?s={search_term_string}"},"query-input":{"@type":"PropertyValueSpecification","valueRequired":true,"valueName":"search_term_string"}}],"inLanguage":"en-US"}]}},"_links":{"self":[{"href":"https:\/\/nordvlies.de\/en\/wp-json\/wp\/v2\/pages\/3358","targetHints":{"allow":["GET"]}}],"collection":[{"href":"https:\/\/nordvlies.de\/en\/wp-json\/wp\/v2\/pages"}],"about":[{"href":"https:\/\/nordvlies.de\/en\/wp-json\/wp\/v2\/types\/page"}],"author":[{"embeddable":true,"href":"https:\/\/nordvlies.de\/en\/wp-json\/wp\/v2\/users\/1"}],"replies":[{"embeddable":true,"href":"https:\/\/nordvlies.de\/en\/wp-json\/wp\/v2\/comments?post=3358"}],"version-history":[{"count":4,"href":"https:\/\/nordvlies.de\/en\/wp-json\/wp\/v2\/pages\/3358\/revisions"}],"predecessor-version":[{"id":3366,"href":"https:\/\/nordvlies.de\/en\/wp-json\/wp\/v2\/pages\/3358\/revisions\/3366"}],"wp:attachment":[{"href":"https:\/\/nordvlies.de\/en\/wp-json\/wp\/v2\/media?parent=3358"}],"curies":[{"name":"wp","href":"https:\/\/api.w.org\/{rel}","templated":true}]}}